{"id":4487,"date":"2024-10-16T19:07:43","date_gmt":"2024-10-16T17:07:43","guid":{"rendered":"https:\/\/www.lan-bambus.si\/?post_type=product&#038;p=4487"},"modified":"2025-11-05T17:16:04","modified_gmt":"2025-11-05T16:16:04","slug":"bamboo-nogavice-nogavice-iz-bambusove-preje-temno-modra-crte-2-para","status":"publish","type":"product","link":"https:\/\/www.lan-bambus.si\/index.php\/product\/bamboo-nogavice-nogavice-iz-bambusove-preje-temno-modra-crte-2-para\/","title":{"rendered":"BAMBOO NOGAVICE, nogavice iz bambusove preje, temno modra &#8211; \u010drte, 2 para"},"content":{"rendered":"<p>BAMBOO NOGAVICE iz bambusove preje, 2 para, klasi\u010dna vi\u0161ina<br \/>\n&#8211; nogavica nudi odli\u010dno po\u010dutje in se izredno prilega nogi<br \/>\n&#8211; ne\u017een oprijem brez elastike prepre\u010duje negativen vpliv na cirkulacijo<br \/>\n&#8211; ploski \u0161iv nad prsti, ki se ga ne \u010duti<br \/>\n&#8211; bambus deluje antialergi\u010dno, antibakterijsko in kot termoregulator<\/p>\n<p>Surovinska sestava: 88% bambus, 9% poliamid, 3% elastan<\/p>\n<p>Izdelek bo odpremljen v roku 2-4 delovnih dneh.<\/p>\n","protected":false},"excerpt":{"rendered":"<p>BAMBOO NOGAVICE iz bambusove preje, 2 para, klasi\u010dna vi\u0161ina &#8211; nogavica nudi odli\u010dno po\u010dutje in se izredno prilega nogi &#8211; ne\u017een oprijem brez elastike prepre\u010duje negativen vpliv na cirkulacijo &#8211; ploski \u0161iv nad prsti, ki se ga ne \u010duti &#8211; bambus deluje antialergi\u010dno, antibakterijsko in kot termoregulator Surovinska sestava: 88% bambus, 9% poliamid, 3% elastan [&hellip;]<\/p>\n","protected":false},"featured_media":4300,"template":"","meta":{"_acf_changed":false,"_themeisle_gutenberg_block_has_review":false},"product_brand":[],"product_cat":[838,730,828],"product_tag":[],"class_list":{"0":"post-4487","1":"product","2":"type-product","3":"status-publish","4":"has-post-thumbnail","6":"product_cat-nogavice-iz-bambusove-preje","7":"product_cat-nogavice","8":"product_cat-bambus","9":"pa_color-bez","10":"pa_color-crna","11":"pa_color-modra","12":"pa_color-siva","13":"pa_color-smetana","14":"pa_color-smetana-rozice","15":"pa_color-temno-modra","16":"pa_color-temno-modra-crte","17":"pa_color-temno-modra-roze","19":"first","20":"instock","21":"shipping-taxable","22":"purchasable","23":"product-type-variable"},"acf":[],"yoast_head":"<!-- This site is optimized with the Yoast SEO plugin v25.8 - https:\/\/yoast.com\/wordpress\/plugins\/seo\/ -->\n<title>BAMBOO NOGAVICE, nogavice iz bambusove preje, temno modra - \u010drte, 2 para - Lan-Bambus<\/title>\n<meta name=\"robots\" content=\"index, follow, max-snippet:-1, max-image-preview:large, max-video-preview:-1\" \/>\n<link rel=\"canonical\" href=\"https:\/\/www.lan-bambus.si\/index.php\/product\/bamboo-nogavice-nogavice-iz-bambusove-preje-temno-modra-crte-2-para\/\" \/>\n<meta property=\"og:locale\" content=\"sl_SI\" \/>\n<meta property=\"og:type\" content=\"article\" \/>\n<meta property=\"og:title\" content=\"BAMBOO NOGAVICE, nogavice iz bambusove preje, temno modra - \u010drte, 2 para - Lan-Bambus\" \/>\n<meta property=\"og:description\" content=\"BAMBOO NOGAVICE iz bambusove preje, 2 para, klasi\u010dna vi\u0161ina &#8211; nogavica nudi odli\u010dno po\u010dutje in se izredno prilega nogi &#8211; ne\u017een oprijem brez elastike prepre\u010duje negativen vpliv na cirkulacijo &#8211; ploski \u0161iv nad prsti, ki se ga ne \u010duti &#8211; bambus deluje antialergi\u010dno, antibakterijsko in kot termoregulator Surovinska sestava: 88% bambus, 9% poliamid, 3% elastan [&hellip;]\" \/>\n<meta property=\"og:url\" content=\"https:\/\/www.lan-bambus.si\/index.php\/product\/bamboo-nogavice-nogavice-iz-bambusove-preje-temno-modra-crte-2-para\/\" \/>\n<meta property=\"og:site_name\" content=\"Lan-Bambus\" \/>\n<meta property=\"article:publisher\" content=\"https:\/\/www.facebook.com\/\" \/>\n<meta property=\"article:modified_time\" content=\"2025-11-05T16:16:04+00:00\" \/>\n<meta property=\"og:image\" content=\"https:\/\/www.lan-bambus.si\/wp-content\/uploads\/2024\/10\/modre-crte-bamboo.jpg\" \/>\n\t<meta property=\"og:image:width\" content=\"600\" \/>\n\t<meta property=\"og:image:height\" content=\"800\" \/>\n\t<meta property=\"og:image:type\" content=\"image\/jpeg\" \/>\n<meta name=\"twitter:card\" content=\"summary_large_image\" \/>\n<meta name=\"twitter:label1\" content=\"Est. reading time\" \/>\n\t<meta name=\"twitter:data1\" content=\"1 minuta\" \/>\n<script type=\"application\/ld+json\" class=\"yoast-schema-graph\">{\"@context\":\"https:\/\/schema.org\",\"@graph\":[{\"@type\":\"WebPage\",\"@id\":\"https:\/\/www.lan-bambus.si\/index.php\/product\/bamboo-nogavice-nogavice-iz-bambusove-preje-temno-modra-crte-2-para\/\",\"url\":\"https:\/\/www.lan-bambus.si\/index.php\/product\/bamboo-nogavice-nogavice-iz-bambusove-preje-temno-modra-crte-2-para\/\",\"name\":\"BAMBOO NOGAVICE, nogavice iz bambusove preje, temno modra - \u010drte, 2 para - Lan-Bambus\",\"isPartOf\":{\"@id\":\"https:\/\/www.lan-bambus.si\/#website\"},\"primaryImageOfPage\":{\"@id\":\"https:\/\/www.lan-bambus.si\/index.php\/product\/bamboo-nogavice-nogavice-iz-bambusove-preje-temno-modra-crte-2-para\/#primaryimage\"},\"image\":{\"@id\":\"https:\/\/www.lan-bambus.si\/index.php\/product\/bamboo-nogavice-nogavice-iz-bambusove-preje-temno-modra-crte-2-para\/#primaryimage\"},\"thumbnailUrl\":\"https:\/\/www.lan-bambus.si\/wp-content\/uploads\/2024\/10\/modre-crte-bamboo.jpg\",\"datePublished\":\"2024-10-16T17:07:43+00:00\",\"dateModified\":\"2025-11-05T16:16:04+00:00\",\"breadcrumb\":{\"@id\":\"https:\/\/www.lan-bambus.si\/index.php\/product\/bamboo-nogavice-nogavice-iz-bambusove-preje-temno-modra-crte-2-para\/#breadcrumb\"},\"inLanguage\":\"sl-SI\",\"potentialAction\":[{\"@type\":\"ReadAction\",\"target\":[\"https:\/\/www.lan-bambus.si\/index.php\/product\/bamboo-nogavice-nogavice-iz-bambusove-preje-temno-modra-crte-2-para\/\"]}]},{\"@type\":\"ImageObject\",\"inLanguage\":\"sl-SI\",\"@id\":\"https:\/\/www.lan-bambus.si\/index.php\/product\/bamboo-nogavice-nogavice-iz-bambusove-preje-temno-modra-crte-2-para\/#primaryimage\",\"url\":\"https:\/\/www.lan-bambus.si\/wp-content\/uploads\/2024\/10\/modre-crte-bamboo.jpg\",\"contentUrl\":\"https:\/\/www.lan-bambus.si\/wp-content\/uploads\/2024\/10\/modre-crte-bamboo.jpg\",\"width\":600,\"height\":800},{\"@type\":\"BreadcrumbList\",\"@id\":\"https:\/\/www.lan-bambus.si\/index.php\/product\/bamboo-nogavice-nogavice-iz-bambusove-preje-temno-modra-crte-2-para\/#breadcrumb\",\"itemListElement\":[{\"@type\":\"ListItem\",\"position\":1,\"name\":\"Home\",\"item\":\"https:\/\/www.lan-bambus.si\/\"},{\"@type\":\"ListItem\",\"position\":2,\"name\":\"Shop\",\"item\":\"https:\/\/www.lan-bambus.si\/index.php\/shop\/\"},{\"@type\":\"ListItem\",\"position\":3,\"name\":\"BAMBOO NOGAVICE, nogavice iz bambusove preje, temno modra &#8211; \u010drte, 2 para\"}]},{\"@type\":\"WebSite\",\"@id\":\"https:\/\/www.lan-bambus.si\/#website\",\"url\":\"https:\/\/www.lan-bambus.si\/\",\"name\":\"lan-bambus.si\",\"description\":\"Lan-Bambus\",\"publisher\":{\"@id\":\"https:\/\/www.lan-bambus.si\/#organization\"},\"potentialAction\":[{\"@type\":\"SearchAction\",\"target\":{\"@type\":\"EntryPoint\",\"urlTemplate\":\"https:\/\/www.lan-bambus.si\/?s={search_term_string}\"},\"query-input\":{\"@type\":\"PropertyValueSpecification\",\"valueRequired\":true,\"valueName\":\"search_term_string\"}}],\"inLanguage\":\"sl-SI\"},{\"@type\":\"Organization\",\"@id\":\"https:\/\/www.lan-bambus.si\/#organization\",\"name\":\"Silva Voelkner s.p.\",\"url\":\"https:\/\/www.lan-bambus.si\/\",\"logo\":{\"@type\":\"ImageObject\",\"inLanguage\":\"sl-SI\",\"@id\":\"https:\/\/www.lan-bambus.si\/#\/schema\/logo\/image\/\",\"url\":\"https:\/\/www.lan-bambus.si\/wp-content\/uploads\/2023\/02\/LOGO-LAN-BAMBUS.SI-350.fw_.png\",\"contentUrl\":\"https:\/\/www.lan-bambus.si\/wp-content\/uploads\/2023\/02\/LOGO-LAN-BAMBUS.SI-350.fw_.png\",\"width\":350,\"height\":132,\"caption\":\"Silva Voelkner s.p.\"},\"image\":{\"@id\":\"https:\/\/www.lan-bambus.si\/#\/schema\/logo\/image\/\"},\"sameAs\":[\"https:\/\/www.facebook.com\/\",\"https:\/\/www.instagram.com\/\"]}]}<\/script>\n<!-- \/ Yoast SEO plugin. -->","yoast_head_json":{"title":"BAMBOO NOGAVICE, nogavice iz bambusove preje, temno modra - \u010drte, 2 para - Lan-Bambus","robots":{"index":"index","follow":"follow","max-snippet":"max-snippet:-1","max-image-preview":"max-image-preview:large","max-video-preview":"max-video-preview:-1"},"canonical":"https:\/\/www.lan-bambus.si\/index.php\/product\/bamboo-nogavice-nogavice-iz-bambusove-preje-temno-modra-crte-2-para\/","og_locale":"sl_SI","og_type":"article","og_title":"BAMBOO NOGAVICE, nogavice iz bambusove preje, temno modra - \u010drte, 2 para - Lan-Bambus","og_description":"BAMBOO NOGAVICE iz bambusove preje, 2 para, klasi\u010dna vi\u0161ina &#8211; nogavica nudi odli\u010dno po\u010dutje in se izredno prilega nogi &#8211; ne\u017een oprijem brez elastike prepre\u010duje negativen vpliv na cirkulacijo &#8211; ploski \u0161iv nad prsti, ki se ga ne \u010duti &#8211; bambus deluje antialergi\u010dno, antibakterijsko in kot termoregulator Surovinska sestava: 88% bambus, 9% poliamid, 3% elastan [&hellip;]","og_url":"https:\/\/www.lan-bambus.si\/index.php\/product\/bamboo-nogavice-nogavice-iz-bambusove-preje-temno-modra-crte-2-para\/","og_site_name":"Lan-Bambus","article_publisher":"https:\/\/www.facebook.com\/","article_modified_time":"2025-11-05T16:16:04+00:00","og_image":[{"width":600,"height":800,"url":"https:\/\/www.lan-bambus.si\/wp-content\/uploads\/2024\/10\/modre-crte-bamboo.jpg","type":"image\/jpeg"}],"twitter_card":"summary_large_image","twitter_misc":{"Est. reading time":"1 minuta"},"schema":{"@context":"https:\/\/schema.org","@graph":[{"@type":"WebPage","@id":"https:\/\/www.lan-bambus.si\/index.php\/product\/bamboo-nogavice-nogavice-iz-bambusove-preje-temno-modra-crte-2-para\/","url":"https:\/\/www.lan-bambus.si\/index.php\/product\/bamboo-nogavice-nogavice-iz-bambusove-preje-temno-modra-crte-2-para\/","name":"BAMBOO NOGAVICE, nogavice iz bambusove preje, temno modra - \u010drte, 2 para - Lan-Bambus","isPartOf":{"@id":"https:\/\/www.lan-bambus.si\/#website"},"primaryImageOfPage":{"@id":"https:\/\/www.lan-bambus.si\/index.php\/product\/bamboo-nogavice-nogavice-iz-bambusove-preje-temno-modra-crte-2-para\/#primaryimage"},"image":{"@id":"https:\/\/www.lan-bambus.si\/index.php\/product\/bamboo-nogavice-nogavice-iz-bambusove-preje-temno-modra-crte-2-para\/#primaryimage"},"thumbnailUrl":"https:\/\/www.lan-bambus.si\/wp-content\/uploads\/2024\/10\/modre-crte-bamboo.jpg","datePublished":"2024-10-16T17:07:43+00:00","dateModified":"2025-11-05T16:16:04+00:00","breadcrumb":{"@id":"https:\/\/www.lan-bambus.si\/index.php\/product\/bamboo-nogavice-nogavice-iz-bambusove-preje-temno-modra-crte-2-para\/#breadcrumb"},"inLanguage":"sl-SI","potentialAction":[{"@type":"ReadAction","target":["https:\/\/www.lan-bambus.si\/index.php\/product\/bamboo-nogavice-nogavice-iz-bambusove-preje-temno-modra-crte-2-para\/"]}]},{"@type":"ImageObject","inLanguage":"sl-SI","@id":"https:\/\/www.lan-bambus.si\/index.php\/product\/bamboo-nogavice-nogavice-iz-bambusove-preje-temno-modra-crte-2-para\/#primaryimage","url":"https:\/\/www.lan-bambus.si\/wp-content\/uploads\/2024\/10\/modre-crte-bamboo.jpg","contentUrl":"https:\/\/www.lan-bambus.si\/wp-content\/uploads\/2024\/10\/modre-crte-bamboo.jpg","width":600,"height":800},{"@type":"BreadcrumbList","@id":"https:\/\/www.lan-bambus.si\/index.php\/product\/bamboo-nogavice-nogavice-iz-bambusove-preje-temno-modra-crte-2-para\/#breadcrumb","itemListElement":[{"@type":"ListItem","position":1,"name":"Home","item":"https:\/\/www.lan-bambus.si\/"},{"@type":"ListItem","position":2,"name":"Shop","item":"https:\/\/www.lan-bambus.si\/index.php\/shop\/"},{"@type":"ListItem","position":3,"name":"BAMBOO NOGAVICE, nogavice iz bambusove preje, temno modra &#8211; \u010drte, 2 para"}]},{"@type":"WebSite","@id":"https:\/\/www.lan-bambus.si\/#website","url":"https:\/\/www.lan-bambus.si\/","name":"lan-bambus.si","description":"Lan-Bambus","publisher":{"@id":"https:\/\/www.lan-bambus.si\/#organization"},"potentialAction":[{"@type":"SearchAction","target":{"@type":"EntryPoint","urlTemplate":"https:\/\/www.lan-bambus.si\/?s={search_term_string}"},"query-input":{"@type":"PropertyValueSpecification","valueRequired":true,"valueName":"search_term_string"}}],"inLanguage":"sl-SI"},{"@type":"Organization","@id":"https:\/\/www.lan-bambus.si\/#organization","name":"Silva Voelkner s.p.","url":"https:\/\/www.lan-bambus.si\/","logo":{"@type":"ImageObject","inLanguage":"sl-SI","@id":"https:\/\/www.lan-bambus.si\/#\/schema\/logo\/image\/","url":"https:\/\/www.lan-bambus.si\/wp-content\/uploads\/2023\/02\/LOGO-LAN-BAMBUS.SI-350.fw_.png","contentUrl":"https:\/\/www.lan-bambus.si\/wp-content\/uploads\/2023\/02\/LOGO-LAN-BAMBUS.SI-350.fw_.png","width":350,"height":132,"caption":"Silva Voelkner s.p."},"image":{"@id":"https:\/\/www.lan-bambus.si\/#\/schema\/logo\/image\/"},"sameAs":["https:\/\/www.facebook.com\/","https:\/\/www.instagram.com\/"]}]}},"_links":{"self":[{"href":"https:\/\/www.lan-bambus.si\/index.php\/wp-json\/wp\/v2\/product\/4487","targetHints":{"allow":["GET"]}}],"collection":[{"href":"https:\/\/www.lan-bambus.si\/index.php\/wp-json\/wp\/v2\/product"}],"about":[{"href":"https:\/\/www.lan-bambus.si\/index.php\/wp-json\/wp\/v2\/types\/product"}],"wp:featuredmedia":[{"embeddable":true,"href":"https:\/\/www.lan-bambus.si\/index.php\/wp-json\/wp\/v2\/media\/4300"}],"wp:attachment":[{"href":"https:\/\/www.lan-bambus.si\/index.php\/wp-json\/wp\/v2\/media?parent=4487"}],"wp:term":[{"taxonomy":"product_brand","embeddable":true,"href":"https:\/\/www.lan-bambus.si\/index.php\/wp-json\/wp\/v2\/product_brand?post=4487"},{"taxonomy":"product_cat","embeddable":true,"href":"https:\/\/www.lan-bambus.si\/index.php\/wp-json\/wp\/v2\/product_cat?post=4487"},{"taxonomy":"product_tag","embeddable":true,"href":"https:\/\/www.lan-bambus.si\/index.php\/wp-json\/wp\/v2\/product_tag?post=4487"}],"curies":[{"name":"wp","href":"https:\/\/api.w.org\/{rel}","templated":true}]}}