{"id":5417,"date":"2024-10-21T09:35:50","date_gmt":"2024-10-21T07:35:50","guid":{"rendered":"https:\/\/www.lan-bambus.si\/?post_type=product&#038;p=5417"},"modified":"2025-11-05T17:58:56","modified_gmt":"2025-11-05T16:58:56","slug":"spodnje-hlace-z-daljsimi-hlacnicami-boksarice-v-svetlo-sivi-barvi","status":"publish","type":"product","link":"https:\/\/www.lan-bambus.si\/index.php\/product\/spodnje-hlace-z-daljsimi-hlacnicami-boksarice-v-svetlo-sivi-barvi\/","title":{"rendered":"SPODNJE HLA\u010cE Z DALJ\u0160IMI HLA\u010cNICAMI, boksarice, eco BAMBOO,  v svetlo sivi barvi"},"content":{"rendered":"<p>Sesava: 80% viskoza (bambus) 16% poliamid 4% elastan<\/p>\n<p>Vzdr\u017eevanje: ta izdelek je priporo\u010dljivo prati pri 40\u00b0C. Izdelka ni priporo\u010dljivo likati. Izdelek ne sme biti beljen, kemi\u010dno o\u010di\u0161\u010den ali su\u0161en v su\u0161ilnem stroju.<\/p>\n<p>\u017denske spodnje hla\u010de z dalj\u0161imi hla\u010dnicami, boksarice. \u017densko brez\u0161ivno spodnje perilo. Pas je oja\u010dan in brez\u0161ivno zataknjen.  Hla\u010dke so enobarvne.<br \/>\nMaterial je izdelan iz bambusovih vlaken, ki je dopolnjen z elastanom. Pletenina je zelo mehka in udobna za no\u0161enje. Vsakdanjemu perilu prina\u0161a razko\u0161en videz svile.<\/p>\n<p>Luksuzna kolekcija brez\u0161ivnega perila ECO Bamboo ima najve\u010dji dele\u017e bambusovih vlaken.<br \/>\nBambus uporabljen v \u201cEco Bamboo\u201d kolekciji je gojen v nadzorovanih planta\u017eah. Te delujejo v skladu s strogimi pogoji glede ekologije, trajnostnega razvoja in ohranjanja \u010disto\u010de na\u0161ega planeta. Prijazen je va\u0161i ko\u017ei in okolju.<\/p>\n<p>Potrdilo o kakovosti in varnosti Oeko-Tex\u00ae Standard 100<br \/>\nPerilo je v okolju prijazni embala\u017ei.<\/p>\n<p>Lastnosti bambusovih vlaken<br \/>\nMateriali z bambusovimi vlakni imajo \u0161tevilne zanimive in uporabniku prijazne lastnosti. \u017de ob prvem stiku vas bo prijetno presenetil zelo mehak in prijeten ob\u010dutek, ki ga lahko primerjate s svilo ali ka\u0161mirjem. Tisti, ki obo\u017eujete perilo z bambusovimi vlakni, boste \u0161e posebej cenili njegove antibakterijske in antistati\u010dne lastnosti. Komponenta Bamboo Khun, ki omogo\u010da ekolo\u0161ko gojenje bambusa, ostane ohranjena tudi v bambusovem vlaknu in prepre\u010duje razmno\u017eevanje bakterij ter omejuje nastajanje neprijetnih vonjav. Poro\u010dajo, da lahko ta sestavina odstrani do 70% neza\u017eelenih bakterij. To daje perilu izjemno udobje, hkrati pa je ta material primeren tudi za ljudi z ob\u010dutljivej\u0161o ko\u017eo. \u010ce sodite med bolj \u0161portno aktivne ljudi, boste ravno nasprotno cenili prijetne termoregulacijske in vpojne lastnosti materiala z bambusovimi vlakni. Povr\u0161inska struktura samega vlakna je razdeljena s \u0161tevilnimi mikrosporami in tako omogo\u010da do 3x bolj\u0161e odvajanje vlage s ko\u017ee kot bomba\u017e. Cenili pa boste tudi dejstvo, da ta material ne izsu\u0161i ko\u017ee, ampak ohranja naravno mikroklimo pod obla\u010dili. V toplih letnih \u010dasih je bambus 2-3 stopinje hladnej\u0161i od bomba\u017ea in vas prijetno hladi na telesu. Nasprotno, grel vas bo v hladnej\u0161ih letnih \u010dasih. Te lastnosti so primerljive s sinteti\u010dno proizvedenimi vlakni, iz katerih so izdelani materiali za \u0161portna funkcionalna obla\u010dila. Material je zelo dobro odporen na obremenitve in ohranja svoje pozitivne lastnosti tudi po ve\u010dkratnem pranju, kar prispeva k njegovi dolgotrajni \u017eivljenjski dobi.<\/p>\n","protected":false},"excerpt":{"rendered":"<p>Sesava: 80% viskoza (bambus) 16% poliamid 4% elastan Vzdr\u017eevanje: ta izdelek je priporo\u010dljivo prati pri 40\u00b0C. Izdelka ni priporo\u010dljivo likati. Izdelek ne sme biti beljen, kemi\u010dno o\u010di\u0161\u010den ali su\u0161en v su\u0161ilnem stroju. \u017denske spodnje hla\u010de z dalj\u0161imi hla\u010dnicami, boksarice. \u017densko brez\u0161ivno spodnje perilo. Pas je oja\u010dan in brez\u0161ivno zataknjen. Hla\u010dke so enobarvne. Material je izdelan [&hellip;]<\/p>\n","protected":false},"featured_media":5266,"template":"","meta":{"_acf_changed":false,"_themeisle_gutenberg_block_has_review":false},"product_brand":[],"product_cat":[840,839,729,765,780,814,828],"product_tag":[],"class_list":{"0":"post-5417","1":"product","2":"type-product","3":"status-publish","4":"has-post-thumbnail","6":"product_cat-zenske-boksarice-iz-bambusovih-vlaken","7":"product_cat-zenske-spodnje-hlace-iz-bambusovih-vlaken","8":"product_cat-spodnje-perilo","9":"product_cat-zensko-spodnje-perilo","10":"product_cat-zenske-boksarice","11":"product_cat-zenske-spodnje-hlace-iz-bambusa","12":"product_cat-bambus","13":"pa_color-bela","14":"pa_color-bez","15":"pa_color-crna","16":"pa_color-lila","17":"pa_color-sivo-bez","18":"pa_color-svetlo-siva","20":"first","21":"instock","22":"shipping-taxable","23":"purchasable","24":"product-type-variable"},"acf":[],"yoast_head":"<!-- This site is optimized with the Yoast SEO plugin v25.8 - https:\/\/yoast.com\/wordpress\/plugins\/seo\/ -->\n<title>SPODNJE HLA\u010cE Z DALJ\u0160IMI HLA\u010cNICAMI, boksarice, eco BAMBOO, v svetlo sivi barvi - Lan-Bambus<\/title>\n<meta name=\"robots\" content=\"index, follow, max-snippet:-1, max-image-preview:large, max-video-preview:-1\" \/>\n<link rel=\"canonical\" href=\"https:\/\/www.lan-bambus.si\/index.php\/product\/spodnje-hlace-z-daljsimi-hlacnicami-boksarice-v-svetlo-sivi-barvi\/\" \/>\n<meta property=\"og:locale\" content=\"sl_SI\" \/>\n<meta property=\"og:type\" content=\"article\" \/>\n<meta property=\"og:title\" content=\"SPODNJE HLA\u010cE Z DALJ\u0160IMI HLA\u010cNICAMI, boksarice, eco BAMBOO, v svetlo sivi barvi - Lan-Bambus\" \/>\n<meta property=\"og:description\" content=\"Sesava: 80% viskoza (bambus) 16% poliamid 4% elastan Vzdr\u017eevanje: ta izdelek je priporo\u010dljivo prati pri 40\u00b0C. Izdelka ni priporo\u010dljivo likati. Izdelek ne sme biti beljen, kemi\u010dno o\u010di\u0161\u010den ali su\u0161en v su\u0161ilnem stroju. \u017denske spodnje hla\u010de z dalj\u0161imi hla\u010dnicami, boksarice. \u017densko brez\u0161ivno spodnje perilo. Pas je oja\u010dan in brez\u0161ivno zataknjen. Hla\u010dke so enobarvne. Material je izdelan [&hellip;]\" \/>\n<meta property=\"og:url\" content=\"https:\/\/www.lan-bambus.si\/index.php\/product\/spodnje-hlace-z-daljsimi-hlacnicami-boksarice-v-svetlo-sivi-barvi\/\" \/>\n<meta property=\"og:site_name\" content=\"Lan-Bambus\" \/>\n<meta property=\"article:publisher\" content=\"https:\/\/www.facebook.com\/\" \/>\n<meta property=\"article:modified_time\" content=\"2025-11-05T16:58:56+00:00\" \/>\n<meta property=\"og:image\" content=\"https:\/\/www.lan-bambus.si\/wp-content\/uploads\/2024\/10\/03018_MxGMxB.jpg\" \/>\n\t<meta property=\"og:image:width\" content=\"624\" \/>\n\t<meta property=\"og:image:height\" content=\"798\" \/>\n\t<meta property=\"og:image:type\" content=\"image\/jpeg\" \/>\n<meta name=\"twitter:card\" content=\"summary_large_image\" \/>\n<meta name=\"twitter:label1\" content=\"Est. reading time\" \/>\n\t<meta name=\"twitter:data1\" content=\"3 minute\" \/>\n<script type=\"application\/ld+json\" class=\"yoast-schema-graph\">{\"@context\":\"https:\/\/schema.org\",\"@graph\":[{\"@type\":\"WebPage\",\"@id\":\"https:\/\/www.lan-bambus.si\/index.php\/product\/spodnje-hlace-z-daljsimi-hlacnicami-boksarice-v-svetlo-sivi-barvi\/\",\"url\":\"https:\/\/www.lan-bambus.si\/index.php\/product\/spodnje-hlace-z-daljsimi-hlacnicami-boksarice-v-svetlo-sivi-barvi\/\",\"name\":\"SPODNJE HLA\u010cE Z DALJ\u0160IMI HLA\u010cNICAMI, boksarice, eco BAMBOO, v svetlo sivi barvi - Lan-Bambus\",\"isPartOf\":{\"@id\":\"https:\/\/www.lan-bambus.si\/#website\"},\"primaryImageOfPage\":{\"@id\":\"https:\/\/www.lan-bambus.si\/index.php\/product\/spodnje-hlace-z-daljsimi-hlacnicami-boksarice-v-svetlo-sivi-barvi\/#primaryimage\"},\"image\":{\"@id\":\"https:\/\/www.lan-bambus.si\/index.php\/product\/spodnje-hlace-z-daljsimi-hlacnicami-boksarice-v-svetlo-sivi-barvi\/#primaryimage\"},\"thumbnailUrl\":\"https:\/\/www.lan-bambus.si\/wp-content\/uploads\/2024\/10\/03018_MxGMxB.jpg\",\"datePublished\":\"2024-10-21T07:35:50+00:00\",\"dateModified\":\"2025-11-05T16:58:56+00:00\",\"breadcrumb\":{\"@id\":\"https:\/\/www.lan-bambus.si\/index.php\/product\/spodnje-hlace-z-daljsimi-hlacnicami-boksarice-v-svetlo-sivi-barvi\/#breadcrumb\"},\"inLanguage\":\"sl-SI\",\"potentialAction\":[{\"@type\":\"ReadAction\",\"target\":[\"https:\/\/www.lan-bambus.si\/index.php\/product\/spodnje-hlace-z-daljsimi-hlacnicami-boksarice-v-svetlo-sivi-barvi\/\"]}]},{\"@type\":\"ImageObject\",\"inLanguage\":\"sl-SI\",\"@id\":\"https:\/\/www.lan-bambus.si\/index.php\/product\/spodnje-hlace-z-daljsimi-hlacnicami-boksarice-v-svetlo-sivi-barvi\/#primaryimage\",\"url\":\"https:\/\/www.lan-bambus.si\/wp-content\/uploads\/2024\/10\/03018_MxGMxB.jpg\",\"contentUrl\":\"https:\/\/www.lan-bambus.si\/wp-content\/uploads\/2024\/10\/03018_MxGMxB.jpg\",\"width\":624,\"height\":798},{\"@type\":\"BreadcrumbList\",\"@id\":\"https:\/\/www.lan-bambus.si\/index.php\/product\/spodnje-hlace-z-daljsimi-hlacnicami-boksarice-v-svetlo-sivi-barvi\/#breadcrumb\",\"itemListElement\":[{\"@type\":\"ListItem\",\"position\":1,\"name\":\"Home\",\"item\":\"https:\/\/www.lan-bambus.si\/\"},{\"@type\":\"ListItem\",\"position\":2,\"name\":\"Shop\",\"item\":\"https:\/\/www.lan-bambus.si\/index.php\/shop\/\"},{\"@type\":\"ListItem\",\"position\":3,\"name\":\"SPODNJE HLA\u010cE Z DALJ\u0160IMI HLA\u010cNICAMI, boksarice, eco BAMBOO, v svetlo sivi barvi\"}]},{\"@type\":\"WebSite\",\"@id\":\"https:\/\/www.lan-bambus.si\/#website\",\"url\":\"https:\/\/www.lan-bambus.si\/\",\"name\":\"lan-bambus.si\",\"description\":\"Lan-Bambus\",\"publisher\":{\"@id\":\"https:\/\/www.lan-bambus.si\/#organization\"},\"potentialAction\":[{\"@type\":\"SearchAction\",\"target\":{\"@type\":\"EntryPoint\",\"urlTemplate\":\"https:\/\/www.lan-bambus.si\/?s={search_term_string}\"},\"query-input\":{\"@type\":\"PropertyValueSpecification\",\"valueRequired\":true,\"valueName\":\"search_term_string\"}}],\"inLanguage\":\"sl-SI\"},{\"@type\":\"Organization\",\"@id\":\"https:\/\/www.lan-bambus.si\/#organization\",\"name\":\"Silva Voelkner s.p.\",\"url\":\"https:\/\/www.lan-bambus.si\/\",\"logo\":{\"@type\":\"ImageObject\",\"inLanguage\":\"sl-SI\",\"@id\":\"https:\/\/www.lan-bambus.si\/#\/schema\/logo\/image\/\",\"url\":\"https:\/\/www.lan-bambus.si\/wp-content\/uploads\/2023\/02\/LOGO-LAN-BAMBUS.SI-350.fw_.png\",\"contentUrl\":\"https:\/\/www.lan-bambus.si\/wp-content\/uploads\/2023\/02\/LOGO-LAN-BAMBUS.SI-350.fw_.png\",\"width\":350,\"height\":132,\"caption\":\"Silva Voelkner s.p.\"},\"image\":{\"@id\":\"https:\/\/www.lan-bambus.si\/#\/schema\/logo\/image\/\"},\"sameAs\":[\"https:\/\/www.facebook.com\/\",\"https:\/\/www.instagram.com\/\"]}]}<\/script>\n<!-- \/ Yoast SEO plugin. -->","yoast_head_json":{"title":"SPODNJE HLA\u010cE Z DALJ\u0160IMI HLA\u010cNICAMI, boksarice, eco BAMBOO, v svetlo sivi barvi - Lan-Bambus","robots":{"index":"index","follow":"follow","max-snippet":"max-snippet:-1","max-image-preview":"max-image-preview:large","max-video-preview":"max-video-preview:-1"},"canonical":"https:\/\/www.lan-bambus.si\/index.php\/product\/spodnje-hlace-z-daljsimi-hlacnicami-boksarice-v-svetlo-sivi-barvi\/","og_locale":"sl_SI","og_type":"article","og_title":"SPODNJE HLA\u010cE Z DALJ\u0160IMI HLA\u010cNICAMI, boksarice, eco BAMBOO, v svetlo sivi barvi - Lan-Bambus","og_description":"Sesava: 80% viskoza (bambus) 16% poliamid 4% elastan Vzdr\u017eevanje: ta izdelek je priporo\u010dljivo prati pri 40\u00b0C. Izdelka ni priporo\u010dljivo likati. Izdelek ne sme biti beljen, kemi\u010dno o\u010di\u0161\u010den ali su\u0161en v su\u0161ilnem stroju. \u017denske spodnje hla\u010de z dalj\u0161imi hla\u010dnicami, boksarice. \u017densko brez\u0161ivno spodnje perilo. Pas je oja\u010dan in brez\u0161ivno zataknjen. Hla\u010dke so enobarvne. Material je izdelan [&hellip;]","og_url":"https:\/\/www.lan-bambus.si\/index.php\/product\/spodnje-hlace-z-daljsimi-hlacnicami-boksarice-v-svetlo-sivi-barvi\/","og_site_name":"Lan-Bambus","article_publisher":"https:\/\/www.facebook.com\/","article_modified_time":"2025-11-05T16:58:56+00:00","og_image":[{"width":624,"height":798,"url":"https:\/\/www.lan-bambus.si\/wp-content\/uploads\/2024\/10\/03018_MxGMxB.jpg","type":"image\/jpeg"}],"twitter_card":"summary_large_image","twitter_misc":{"Est. reading time":"3 minute"},"schema":{"@context":"https:\/\/schema.org","@graph":[{"@type":"WebPage","@id":"https:\/\/www.lan-bambus.si\/index.php\/product\/spodnje-hlace-z-daljsimi-hlacnicami-boksarice-v-svetlo-sivi-barvi\/","url":"https:\/\/www.lan-bambus.si\/index.php\/product\/spodnje-hlace-z-daljsimi-hlacnicami-boksarice-v-svetlo-sivi-barvi\/","name":"SPODNJE HLA\u010cE Z DALJ\u0160IMI HLA\u010cNICAMI, boksarice, eco BAMBOO, v svetlo sivi barvi - Lan-Bambus","isPartOf":{"@id":"https:\/\/www.lan-bambus.si\/#website"},"primaryImageOfPage":{"@id":"https:\/\/www.lan-bambus.si\/index.php\/product\/spodnje-hlace-z-daljsimi-hlacnicami-boksarice-v-svetlo-sivi-barvi\/#primaryimage"},"image":{"@id":"https:\/\/www.lan-bambus.si\/index.php\/product\/spodnje-hlace-z-daljsimi-hlacnicami-boksarice-v-svetlo-sivi-barvi\/#primaryimage"},"thumbnailUrl":"https:\/\/www.lan-bambus.si\/wp-content\/uploads\/2024\/10\/03018_MxGMxB.jpg","datePublished":"2024-10-21T07:35:50+00:00","dateModified":"2025-11-05T16:58:56+00:00","breadcrumb":{"@id":"https:\/\/www.lan-bambus.si\/index.php\/product\/spodnje-hlace-z-daljsimi-hlacnicami-boksarice-v-svetlo-sivi-barvi\/#breadcrumb"},"inLanguage":"sl-SI","potentialAction":[{"@type":"ReadAction","target":["https:\/\/www.lan-bambus.si\/index.php\/product\/spodnje-hlace-z-daljsimi-hlacnicami-boksarice-v-svetlo-sivi-barvi\/"]}]},{"@type":"ImageObject","inLanguage":"sl-SI","@id":"https:\/\/www.lan-bambus.si\/index.php\/product\/spodnje-hlace-z-daljsimi-hlacnicami-boksarice-v-svetlo-sivi-barvi\/#primaryimage","url":"https:\/\/www.lan-bambus.si\/wp-content\/uploads\/2024\/10\/03018_MxGMxB.jpg","contentUrl":"https:\/\/www.lan-bambus.si\/wp-content\/uploads\/2024\/10\/03018_MxGMxB.jpg","width":624,"height":798},{"@type":"BreadcrumbList","@id":"https:\/\/www.lan-bambus.si\/index.php\/product\/spodnje-hlace-z-daljsimi-hlacnicami-boksarice-v-svetlo-sivi-barvi\/#breadcrumb","itemListElement":[{"@type":"ListItem","position":1,"name":"Home","item":"https:\/\/www.lan-bambus.si\/"},{"@type":"ListItem","position":2,"name":"Shop","item":"https:\/\/www.lan-bambus.si\/index.php\/shop\/"},{"@type":"ListItem","position":3,"name":"SPODNJE HLA\u010cE Z DALJ\u0160IMI HLA\u010cNICAMI, boksarice, eco BAMBOO, v svetlo sivi barvi"}]},{"@type":"WebSite","@id":"https:\/\/www.lan-bambus.si\/#website","url":"https:\/\/www.lan-bambus.si\/","name":"lan-bambus.si","description":"Lan-Bambus","publisher":{"@id":"https:\/\/www.lan-bambus.si\/#organization"},"potentialAction":[{"@type":"SearchAction","target":{"@type":"EntryPoint","urlTemplate":"https:\/\/www.lan-bambus.si\/?s={search_term_string}"},"query-input":{"@type":"PropertyValueSpecification","valueRequired":true,"valueName":"search_term_string"}}],"inLanguage":"sl-SI"},{"@type":"Organization","@id":"https:\/\/www.lan-bambus.si\/#organization","name":"Silva Voelkner s.p.","url":"https:\/\/www.lan-bambus.si\/","logo":{"@type":"ImageObject","inLanguage":"sl-SI","@id":"https:\/\/www.lan-bambus.si\/#\/schema\/logo\/image\/","url":"https:\/\/www.lan-bambus.si\/wp-content\/uploads\/2023\/02\/LOGO-LAN-BAMBUS.SI-350.fw_.png","contentUrl":"https:\/\/www.lan-bambus.si\/wp-content\/uploads\/2023\/02\/LOGO-LAN-BAMBUS.SI-350.fw_.png","width":350,"height":132,"caption":"Silva Voelkner s.p."},"image":{"@id":"https:\/\/www.lan-bambus.si\/#\/schema\/logo\/image\/"},"sameAs":["https:\/\/www.facebook.com\/","https:\/\/www.instagram.com\/"]}]}},"_links":{"self":[{"href":"https:\/\/www.lan-bambus.si\/index.php\/wp-json\/wp\/v2\/product\/5417","targetHints":{"allow":["GET"]}}],"collection":[{"href":"https:\/\/www.lan-bambus.si\/index.php\/wp-json\/wp\/v2\/product"}],"about":[{"href":"https:\/\/www.lan-bambus.si\/index.php\/wp-json\/wp\/v2\/types\/product"}],"wp:featuredmedia":[{"embeddable":true,"href":"https:\/\/www.lan-bambus.si\/index.php\/wp-json\/wp\/v2\/media\/5266"}],"wp:attachment":[{"href":"https:\/\/www.lan-bambus.si\/index.php\/wp-json\/wp\/v2\/media?parent=5417"}],"wp:term":[{"taxonomy":"product_brand","embeddable":true,"href":"https:\/\/www.lan-bambus.si\/index.php\/wp-json\/wp\/v2\/product_brand?post=5417"},{"taxonomy":"product_cat","embeddable":true,"href":"https:\/\/www.lan-bambus.si\/index.php\/wp-json\/wp\/v2\/product_cat?post=5417"},{"taxonomy":"product_tag","embeddable":true,"href":"https:\/\/www.lan-bambus.si\/index.php\/wp-json\/wp\/v2\/product_tag?post=5417"}],"curies":[{"name":"wp","href":"https:\/\/api.w.org\/{rel}","templated":true}]}}