{"id":6402,"date":"2025-01-14T01:05:56","date_gmt":"2025-01-14T00:05:56","guid":{"rendered":"https:\/\/www.lan-bambus.si\/?post_type=product&#038;p=6402"},"modified":"2025-04-02T20:24:47","modified_gmt":"2025-04-02T18:24:47","slug":"lan-metrsko-blago-barva-bela","status":"publish","type":"product","link":"https:\/\/www.lan-bambus.si\/index.php\/product\/lan-metrsko-blago-barva-bela\/","title":{"rendered":"LAN, METRSKO BLAGO, barva BELA"},"content":{"rendered":"<p>Sestava: 100% lan<br \/>\n\u0160irina: 145cm<br \/>\nTe\u017ea: 205g\/m2<br \/>\nTkanina je \u017ee oprana, se ne kr\u010di ve\u010d<\/p>\n<p>Poreklo: EU, certifikat OEKO-TEX\u00ae STANDARD 100<\/p>\n<p>CENA JE ZA 0,1 metra (10cm)<\/p>\n<p> Navodila za vzdr\u017eevanje:<br \/>\n&#8211; pranje pri 40 C\/104F ali manj<br \/>\n&#8211; su\u0161enje v su\u0161ilnem stroju pri nizki temperaturi<br \/>\n&#8211; ne belite<br \/>\n&#8211; likate pri nizki temperaturi<br \/>\n&#8211; ne \u010distite kemi\u010dno.<\/p>\n<p>Ta tkanina je popolna za \u0161ivanje obla\u010dil, namiznega perila, razli\u010dnih notranjih dekoracij.  Lahko se uporablja za \u0161ivanje zaves.<\/p>\n<p>Upo\u0161tevajte, da so lahko barve na va\u0161em zaslonu videti druga\u010de, odvisno od njihovih nastavitev in tehni\u010dnih lastnosti. \u010ce niste prepri\u010dani in je natan\u010den ton res pomemben, prosimo, ne oklevajte in nas kontaktirajte.<\/p>\n<p>LANENA TKANINE<br \/>\nLanene tkanine so ene najstarej\u0161ih na svetu.<br \/>\nLanena tkanina odli\u010dno vpija vse vrste teko\u010din. Zaradi edinstvene strukture je lanena tkanina mo\u010dna in mehka, zato se ne lepi na ko\u017eo in omogo\u010da ve\u010dji pretok zraka. Lanena tkanina zelo dobro uravnava telesno temperaturo, v vro\u010dem vremenu ustvarja ob\u010dutek sve\u017eine, v mrzlem pa toploto. Lanena tkanina je narejena iz vlaken lanenih rastlin. Lan je mo\u010dna in odporna rastlina, zato za gojenje in predelavo niso potrebne nobene kemikalije in obstaja majhna mo\u017enost dra\u017eenja ko\u017ee. Lanena tkanina je naravni antiseptik, ubija bakterije, tako da v njej ne morejo \u017eiveti niti bakterije niti glivice. Lan je \u0161iroko reciklirana rastlina brez odpadkov, uporablja se tudi za prehrano.<br \/>\nLan je mogo\u010de 100 % reciklirati, zato je odli\u010dna izbira za okoljsko ozave\u0161\u010dene ljudi.<\/p>\n","protected":false},"excerpt":{"rendered":"<p>Sestava: 100% lan \u0160irina: 145cm Te\u017ea: 205g\/m2 Tkanina je \u017ee oprana, se ne kr\u010di ve\u010d Poreklo: EU, certifikat OEKO-TEX\u00ae STANDARD 100 CENA JE ZA 0,1 metra (10cm) Navodila za vzdr\u017eevanje: &#8211; pranje pri 40 C\/104F ali manj &#8211; su\u0161enje v su\u0161ilnem stroju pri nizki temperaturi &#8211; ne belite &#8211; likate pri nizki temperaturi &#8211; ne [&hellip;]<\/p>\n","protected":false},"featured_media":6391,"template":"","meta":{"_acf_changed":false,"_themeisle_gutenberg_block_has_review":false},"product_brand":[],"product_cat":[783],"product_tag":[],"class_list":{"0":"post-6402","1":"product","2":"type-product","3":"status-publish","4":"has-post-thumbnail","6":"product_cat-metraza","8":"first","9":"instock","10":"shipping-taxable","11":"purchasable","12":"product-type-simple"},"acf":[],"yoast_head":"<!-- This site is optimized with the Yoast SEO plugin v25.8 - https:\/\/yoast.com\/wordpress\/plugins\/seo\/ -->\n<title>LAN, METRSKO BLAGO, barva BELA - Lan-Bambus<\/title>\n<meta name=\"robots\" content=\"index, follow, max-snippet:-1, max-image-preview:large, max-video-preview:-1\" \/>\n<link rel=\"canonical\" href=\"https:\/\/www.lan-bambus.si\/index.php\/product\/lan-metrsko-blago-barva-bela\/\" \/>\n<meta property=\"og:locale\" content=\"sl_SI\" \/>\n<meta property=\"og:type\" content=\"article\" \/>\n<meta property=\"og:title\" content=\"LAN, METRSKO BLAGO, barva BELA - Lan-Bambus\" \/>\n<meta property=\"og:description\" content=\"Sestava: 100% lan \u0160irina: 145cm Te\u017ea: 205g\/m2 Tkanina je \u017ee oprana, se ne kr\u010di ve\u010d Poreklo: EU, certifikat OEKO-TEX\u00ae STANDARD 100 CENA JE ZA 0,1 metra (10cm) Navodila za vzdr\u017eevanje: &#8211; pranje pri 40 C\/104F ali manj &#8211; su\u0161enje v su\u0161ilnem stroju pri nizki temperaturi &#8211; ne belite &#8211; likate pri nizki temperaturi &#8211; ne [&hellip;]\" \/>\n<meta property=\"og:url\" content=\"https:\/\/www.lan-bambus.si\/index.php\/product\/lan-metrsko-blago-barva-bela\/\" \/>\n<meta property=\"og:site_name\" content=\"Lan-Bambus\" \/>\n<meta property=\"article:publisher\" content=\"https:\/\/www.facebook.com\/\" \/>\n<meta property=\"article:modified_time\" content=\"2025-04-02T18:24:47+00:00\" \/>\n<meta property=\"og:image\" content=\"https:\/\/www.lan-bambus.si\/wp-content\/uploads\/2025\/01\/1073-Kopija.jpg\" \/>\n\t<meta property=\"og:image:width\" content=\"450\" \/>\n\t<meta property=\"og:image:height\" content=\"450\" \/>\n\t<meta property=\"og:image:type\" content=\"image\/jpeg\" \/>\n<meta name=\"twitter:card\" content=\"summary_large_image\" \/>\n<meta name=\"twitter:label1\" content=\"Est. reading time\" \/>\n\t<meta name=\"twitter:data1\" content=\"2 minuti\" \/>\n<script type=\"application\/ld+json\" class=\"yoast-schema-graph\">{\"@context\":\"https:\/\/schema.org\",\"@graph\":[{\"@type\":\"WebPage\",\"@id\":\"https:\/\/www.lan-bambus.si\/index.php\/product\/lan-metrsko-blago-barva-bela\/\",\"url\":\"https:\/\/www.lan-bambus.si\/index.php\/product\/lan-metrsko-blago-barva-bela\/\",\"name\":\"LAN, METRSKO BLAGO, barva BELA - Lan-Bambus\",\"isPartOf\":{\"@id\":\"https:\/\/www.lan-bambus.si\/#website\"},\"primaryImageOfPage\":{\"@id\":\"https:\/\/www.lan-bambus.si\/index.php\/product\/lan-metrsko-blago-barva-bela\/#primaryimage\"},\"image\":{\"@id\":\"https:\/\/www.lan-bambus.si\/index.php\/product\/lan-metrsko-blago-barva-bela\/#primaryimage\"},\"thumbnailUrl\":\"https:\/\/www.lan-bambus.si\/wp-content\/uploads\/2025\/01\/1073-Kopija.jpg\",\"datePublished\":\"2025-01-14T00:05:56+00:00\",\"dateModified\":\"2025-04-02T18:24:47+00:00\",\"breadcrumb\":{\"@id\":\"https:\/\/www.lan-bambus.si\/index.php\/product\/lan-metrsko-blago-barva-bela\/#breadcrumb\"},\"inLanguage\":\"sl-SI\",\"potentialAction\":[{\"@type\":\"ReadAction\",\"target\":[\"https:\/\/www.lan-bambus.si\/index.php\/product\/lan-metrsko-blago-barva-bela\/\"]}]},{\"@type\":\"ImageObject\",\"inLanguage\":\"sl-SI\",\"@id\":\"https:\/\/www.lan-bambus.si\/index.php\/product\/lan-metrsko-blago-barva-bela\/#primaryimage\",\"url\":\"https:\/\/www.lan-bambus.si\/wp-content\/uploads\/2025\/01\/1073-Kopija.jpg\",\"contentUrl\":\"https:\/\/www.lan-bambus.si\/wp-content\/uploads\/2025\/01\/1073-Kopija.jpg\",\"width\":450,\"height\":450},{\"@type\":\"BreadcrumbList\",\"@id\":\"https:\/\/www.lan-bambus.si\/index.php\/product\/lan-metrsko-blago-barva-bela\/#breadcrumb\",\"itemListElement\":[{\"@type\":\"ListItem\",\"position\":1,\"name\":\"Home\",\"item\":\"https:\/\/www.lan-bambus.si\/\"},{\"@type\":\"ListItem\",\"position\":2,\"name\":\"Shop\",\"item\":\"https:\/\/www.lan-bambus.si\/index.php\/shop\/\"},{\"@type\":\"ListItem\",\"position\":3,\"name\":\"LAN, METRSKO BLAGO, barva BELA\"}]},{\"@type\":\"WebSite\",\"@id\":\"https:\/\/www.lan-bambus.si\/#website\",\"url\":\"https:\/\/www.lan-bambus.si\/\",\"name\":\"lan-bambus.si\",\"description\":\"Lan-Bambus\",\"publisher\":{\"@id\":\"https:\/\/www.lan-bambus.si\/#organization\"},\"potentialAction\":[{\"@type\":\"SearchAction\",\"target\":{\"@type\":\"EntryPoint\",\"urlTemplate\":\"https:\/\/www.lan-bambus.si\/?s={search_term_string}\"},\"query-input\":{\"@type\":\"PropertyValueSpecification\",\"valueRequired\":true,\"valueName\":\"search_term_string\"}}],\"inLanguage\":\"sl-SI\"},{\"@type\":\"Organization\",\"@id\":\"https:\/\/www.lan-bambus.si\/#organization\",\"name\":\"Silva Voelkner s.p.\",\"url\":\"https:\/\/www.lan-bambus.si\/\",\"logo\":{\"@type\":\"ImageObject\",\"inLanguage\":\"sl-SI\",\"@id\":\"https:\/\/www.lan-bambus.si\/#\/schema\/logo\/image\/\",\"url\":\"https:\/\/www.lan-bambus.si\/wp-content\/uploads\/2023\/02\/LOGO-LAN-BAMBUS.SI-350.fw_.png\",\"contentUrl\":\"https:\/\/www.lan-bambus.si\/wp-content\/uploads\/2023\/02\/LOGO-LAN-BAMBUS.SI-350.fw_.png\",\"width\":350,\"height\":132,\"caption\":\"Silva Voelkner s.p.\"},\"image\":{\"@id\":\"https:\/\/www.lan-bambus.si\/#\/schema\/logo\/image\/\"},\"sameAs\":[\"https:\/\/www.facebook.com\/\",\"https:\/\/www.instagram.com\/\"]}]}<\/script>\n<!-- \/ Yoast SEO plugin. -->","yoast_head_json":{"title":"LAN, METRSKO BLAGO, barva BELA - Lan-Bambus","robots":{"index":"index","follow":"follow","max-snippet":"max-snippet:-1","max-image-preview":"max-image-preview:large","max-video-preview":"max-video-preview:-1"},"canonical":"https:\/\/www.lan-bambus.si\/index.php\/product\/lan-metrsko-blago-barva-bela\/","og_locale":"sl_SI","og_type":"article","og_title":"LAN, METRSKO BLAGO, barva BELA - Lan-Bambus","og_description":"Sestava: 100% lan \u0160irina: 145cm Te\u017ea: 205g\/m2 Tkanina je \u017ee oprana, se ne kr\u010di ve\u010d Poreklo: EU, certifikat OEKO-TEX\u00ae STANDARD 100 CENA JE ZA 0,1 metra (10cm) Navodila za vzdr\u017eevanje: &#8211; pranje pri 40 C\/104F ali manj &#8211; su\u0161enje v su\u0161ilnem stroju pri nizki temperaturi &#8211; ne belite &#8211; likate pri nizki temperaturi &#8211; ne [&hellip;]","og_url":"https:\/\/www.lan-bambus.si\/index.php\/product\/lan-metrsko-blago-barva-bela\/","og_site_name":"Lan-Bambus","article_publisher":"https:\/\/www.facebook.com\/","article_modified_time":"2025-04-02T18:24:47+00:00","og_image":[{"width":450,"height":450,"url":"https:\/\/www.lan-bambus.si\/wp-content\/uploads\/2025\/01\/1073-Kopija.jpg","type":"image\/jpeg"}],"twitter_card":"summary_large_image","twitter_misc":{"Est. reading time":"2 minuti"},"schema":{"@context":"https:\/\/schema.org","@graph":[{"@type":"WebPage","@id":"https:\/\/www.lan-bambus.si\/index.php\/product\/lan-metrsko-blago-barva-bela\/","url":"https:\/\/www.lan-bambus.si\/index.php\/product\/lan-metrsko-blago-barva-bela\/","name":"LAN, METRSKO BLAGO, barva BELA - Lan-Bambus","isPartOf":{"@id":"https:\/\/www.lan-bambus.si\/#website"},"primaryImageOfPage":{"@id":"https:\/\/www.lan-bambus.si\/index.php\/product\/lan-metrsko-blago-barva-bela\/#primaryimage"},"image":{"@id":"https:\/\/www.lan-bambus.si\/index.php\/product\/lan-metrsko-blago-barva-bela\/#primaryimage"},"thumbnailUrl":"https:\/\/www.lan-bambus.si\/wp-content\/uploads\/2025\/01\/1073-Kopija.jpg","datePublished":"2025-01-14T00:05:56+00:00","dateModified":"2025-04-02T18:24:47+00:00","breadcrumb":{"@id":"https:\/\/www.lan-bambus.si\/index.php\/product\/lan-metrsko-blago-barva-bela\/#breadcrumb"},"inLanguage":"sl-SI","potentialAction":[{"@type":"ReadAction","target":["https:\/\/www.lan-bambus.si\/index.php\/product\/lan-metrsko-blago-barva-bela\/"]}]},{"@type":"ImageObject","inLanguage":"sl-SI","@id":"https:\/\/www.lan-bambus.si\/index.php\/product\/lan-metrsko-blago-barva-bela\/#primaryimage","url":"https:\/\/www.lan-bambus.si\/wp-content\/uploads\/2025\/01\/1073-Kopija.jpg","contentUrl":"https:\/\/www.lan-bambus.si\/wp-content\/uploads\/2025\/01\/1073-Kopija.jpg","width":450,"height":450},{"@type":"BreadcrumbList","@id":"https:\/\/www.lan-bambus.si\/index.php\/product\/lan-metrsko-blago-barva-bela\/#breadcrumb","itemListElement":[{"@type":"ListItem","position":1,"name":"Home","item":"https:\/\/www.lan-bambus.si\/"},{"@type":"ListItem","position":2,"name":"Shop","item":"https:\/\/www.lan-bambus.si\/index.php\/shop\/"},{"@type":"ListItem","position":3,"name":"LAN, METRSKO BLAGO, barva BELA"}]},{"@type":"WebSite","@id":"https:\/\/www.lan-bambus.si\/#website","url":"https:\/\/www.lan-bambus.si\/","name":"lan-bambus.si","description":"Lan-Bambus","publisher":{"@id":"https:\/\/www.lan-bambus.si\/#organization"},"potentialAction":[{"@type":"SearchAction","target":{"@type":"EntryPoint","urlTemplate":"https:\/\/www.lan-bambus.si\/?s={search_term_string}"},"query-input":{"@type":"PropertyValueSpecification","valueRequired":true,"valueName":"search_term_string"}}],"inLanguage":"sl-SI"},{"@type":"Organization","@id":"https:\/\/www.lan-bambus.si\/#organization","name":"Silva Voelkner s.p.","url":"https:\/\/www.lan-bambus.si\/","logo":{"@type":"ImageObject","inLanguage":"sl-SI","@id":"https:\/\/www.lan-bambus.si\/#\/schema\/logo\/image\/","url":"https:\/\/www.lan-bambus.si\/wp-content\/uploads\/2023\/02\/LOGO-LAN-BAMBUS.SI-350.fw_.png","contentUrl":"https:\/\/www.lan-bambus.si\/wp-content\/uploads\/2023\/02\/LOGO-LAN-BAMBUS.SI-350.fw_.png","width":350,"height":132,"caption":"Silva Voelkner s.p."},"image":{"@id":"https:\/\/www.lan-bambus.si\/#\/schema\/logo\/image\/"},"sameAs":["https:\/\/www.facebook.com\/","https:\/\/www.instagram.com\/"]}]}},"_links":{"self":[{"href":"https:\/\/www.lan-bambus.si\/index.php\/wp-json\/wp\/v2\/product\/6402","targetHints":{"allow":["GET"]}}],"collection":[{"href":"https:\/\/www.lan-bambus.si\/index.php\/wp-json\/wp\/v2\/product"}],"about":[{"href":"https:\/\/www.lan-bambus.si\/index.php\/wp-json\/wp\/v2\/types\/product"}],"wp:featuredmedia":[{"embeddable":true,"href":"https:\/\/www.lan-bambus.si\/index.php\/wp-json\/wp\/v2\/media\/6391"}],"wp:attachment":[{"href":"https:\/\/www.lan-bambus.si\/index.php\/wp-json\/wp\/v2\/media?parent=6402"}],"wp:term":[{"taxonomy":"product_brand","embeddable":true,"href":"https:\/\/www.lan-bambus.si\/index.php\/wp-json\/wp\/v2\/product_brand?post=6402"},{"taxonomy":"product_cat","embeddable":true,"href":"https:\/\/www.lan-bambus.si\/index.php\/wp-json\/wp\/v2\/product_cat?post=6402"},{"taxonomy":"product_tag","embeddable":true,"href":"https:\/\/www.lan-bambus.si\/index.php\/wp-json\/wp\/v2\/product_tag?post=6402"}],"curies":[{"name":"wp","href":"https:\/\/api.w.org\/{rel}","templated":true}]}}