{"id":6770,"date":"2025-01-30T08:26:26","date_gmt":"2025-01-30T07:26:26","guid":{"rendered":"https:\/\/www.lan-bambus.si\/?post_type=product&#038;p=6770"},"modified":"2025-03-20T08:02:25","modified_gmt":"2025-03-20T07:02:25","slug":"majica-cecil-kratek-rokav-v-beli-barvi","status":"publish","type":"product","link":"https:\/\/www.lan-bambus.si\/index.php\/product\/majica-cecil-kratek-rokav-v-beli-barvi\/","title":{"rendered":"majica CECIL, kratek rokav v beli barvi"},"content":{"rendered":"<p>Material: 100% BOMBA\u017d<\/p>\n<p>Vzdr\u017eevanje:<br \/>\n\u2013 ne \u010distite kemi\u010dno<br \/>\n\u2013 ne belite<br \/>\n\u2013 ne su\u0161ite v su\u0161ilnem stroju<br \/>\n\u2013 ne likajte vro\u010de<br \/>\n\u2013 ne\u017eno pranje pri 30 stopinj C<\/p>\n<p>\u017denska majica v stilu Lena znamke CECIL, ima okrogel izrez in sve\u017eo enobarvno barvo.  Osnovna majica, ki je odli\u010dna za kombiniranje.<\/p>\n","protected":false},"excerpt":{"rendered":"<p>Material: 100% BOMBA\u017d Vzdr\u017eevanje: \u2013 ne \u010distite kemi\u010dno \u2013 ne belite \u2013 ne su\u0161ite v su\u0161ilnem stroju \u2013 ne likajte vro\u010de \u2013 ne\u017eno pranje pri 30 stopinj C \u017denska majica v stilu Lena znamke CECIL, ima okrogel izrez in sve\u017eo enobarvno barvo. Osnovna majica, ki je odli\u010dna za kombiniranje.<\/p>\n","protected":false},"featured_media":6772,"template":"","meta":{"_acf_changed":false,"_themeisle_gutenberg_block_has_review":false},"product_brand":[],"product_cat":[798,747,778],"product_tag":[],"class_list":{"0":"post-6770","1":"product","2":"type-product","3":"status-publish","4":"has-post-thumbnail","6":"product_cat-cecil-majice","7":"product_cat-oblacila","8":"product_cat-majice-oblacila","9":"pa_color-bela","10":"pa_color-crna","11":"pa_color-temno-modra","13":"first","14":"instock","15":"shipping-taxable","16":"purchasable","17":"product-type-variable"},"acf":[],"yoast_head":"<!-- This site is optimized with the Yoast SEO plugin v25.8 - https:\/\/yoast.com\/wordpress\/plugins\/seo\/ -->\n<title>majica CECIL, kratek rokav v beli barvi - Lan-Bambus<\/title>\n<meta name=\"robots\" content=\"index, follow, max-snippet:-1, max-image-preview:large, max-video-preview:-1\" \/>\n<link rel=\"canonical\" href=\"https:\/\/www.lan-bambus.si\/index.php\/product\/majica-cecil-kratek-rokav-v-beli-barvi\/\" \/>\n<meta property=\"og:locale\" content=\"sl_SI\" \/>\n<meta property=\"og:type\" content=\"article\" \/>\n<meta property=\"og:title\" content=\"majica CECIL, kratek rokav v beli barvi - Lan-Bambus\" \/>\n<meta property=\"og:description\" content=\"Material: 100% BOMBA\u017d Vzdr\u017eevanje: \u2013 ne \u010distite kemi\u010dno \u2013 ne belite \u2013 ne su\u0161ite v su\u0161ilnem stroju \u2013 ne likajte vro\u010de \u2013 ne\u017eno pranje pri 30 stopinj C \u017denska majica v stilu Lena znamke CECIL, ima okrogel izrez in sve\u017eo enobarvno barvo. Osnovna majica, ki je odli\u010dna za kombiniranje.\" \/>\n<meta property=\"og:url\" content=\"https:\/\/www.lan-bambus.si\/index.php\/product\/majica-cecil-kratek-rokav-v-beli-barvi\/\" \/>\n<meta property=\"og:site_name\" content=\"Lan-Bambus\" \/>\n<meta property=\"article:publisher\" content=\"https:\/\/www.facebook.com\/\" \/>\n<meta property=\"article:modified_time\" content=\"2025-03-20T07:02:25+00:00\" \/>\n<meta property=\"og:image\" content=\"https:\/\/www.lan-bambus.si\/wp-content\/uploads\/2025\/01\/B31751510000XS_4063041337128_2_m.webp\" \/>\n\t<meta property=\"og:image:width\" content=\"1094\" \/>\n\t<meta property=\"og:image:height\" content=\"1576\" \/>\n\t<meta property=\"og:image:type\" content=\"image\/webp\" \/>\n<meta name=\"twitter:card\" content=\"summary_large_image\" \/>\n<meta name=\"twitter:label1\" content=\"Est. reading time\" \/>\n\t<meta name=\"twitter:data1\" content=\"1 minuta\" \/>\n<script type=\"application\/ld+json\" class=\"yoast-schema-graph\">{\"@context\":\"https:\/\/schema.org\",\"@graph\":[{\"@type\":\"WebPage\",\"@id\":\"https:\/\/www.lan-bambus.si\/index.php\/product\/majica-cecil-kratek-rokav-v-beli-barvi\/\",\"url\":\"https:\/\/www.lan-bambus.si\/index.php\/product\/majica-cecil-kratek-rokav-v-beli-barvi\/\",\"name\":\"majica CECIL, kratek rokav v beli barvi - Lan-Bambus\",\"isPartOf\":{\"@id\":\"https:\/\/www.lan-bambus.si\/#website\"},\"primaryImageOfPage\":{\"@id\":\"https:\/\/www.lan-bambus.si\/index.php\/product\/majica-cecil-kratek-rokav-v-beli-barvi\/#primaryimage\"},\"image\":{\"@id\":\"https:\/\/www.lan-bambus.si\/index.php\/product\/majica-cecil-kratek-rokav-v-beli-barvi\/#primaryimage\"},\"thumbnailUrl\":\"https:\/\/www.lan-bambus.si\/wp-content\/uploads\/2025\/01\/B31751510000XS_4063041337128_2_m.webp\",\"datePublished\":\"2025-01-30T07:26:26+00:00\",\"dateModified\":\"2025-03-20T07:02:25+00:00\",\"breadcrumb\":{\"@id\":\"https:\/\/www.lan-bambus.si\/index.php\/product\/majica-cecil-kratek-rokav-v-beli-barvi\/#breadcrumb\"},\"inLanguage\":\"sl-SI\",\"potentialAction\":[{\"@type\":\"ReadAction\",\"target\":[\"https:\/\/www.lan-bambus.si\/index.php\/product\/majica-cecil-kratek-rokav-v-beli-barvi\/\"]}]},{\"@type\":\"ImageObject\",\"inLanguage\":\"sl-SI\",\"@id\":\"https:\/\/www.lan-bambus.si\/index.php\/product\/majica-cecil-kratek-rokav-v-beli-barvi\/#primaryimage\",\"url\":\"https:\/\/www.lan-bambus.si\/wp-content\/uploads\/2025\/01\/B31751510000XS_4063041337128_2_m.webp\",\"contentUrl\":\"https:\/\/www.lan-bambus.si\/wp-content\/uploads\/2025\/01\/B31751510000XS_4063041337128_2_m.webp\",\"width\":1094,\"height\":1576},{\"@type\":\"BreadcrumbList\",\"@id\":\"https:\/\/www.lan-bambus.si\/index.php\/product\/majica-cecil-kratek-rokav-v-beli-barvi\/#breadcrumb\",\"itemListElement\":[{\"@type\":\"ListItem\",\"position\":1,\"name\":\"Home\",\"item\":\"https:\/\/www.lan-bambus.si\/\"},{\"@type\":\"ListItem\",\"position\":2,\"name\":\"Shop\",\"item\":\"https:\/\/www.lan-bambus.si\/index.php\/shop\/\"},{\"@type\":\"ListItem\",\"position\":3,\"name\":\"majica CECIL, kratek rokav v beli barvi\"}]},{\"@type\":\"WebSite\",\"@id\":\"https:\/\/www.lan-bambus.si\/#website\",\"url\":\"https:\/\/www.lan-bambus.si\/\",\"name\":\"lan-bambus.si\",\"description\":\"Lan-Bambus\",\"publisher\":{\"@id\":\"https:\/\/www.lan-bambus.si\/#organization\"},\"potentialAction\":[{\"@type\":\"SearchAction\",\"target\":{\"@type\":\"EntryPoint\",\"urlTemplate\":\"https:\/\/www.lan-bambus.si\/?s={search_term_string}\"},\"query-input\":{\"@type\":\"PropertyValueSpecification\",\"valueRequired\":true,\"valueName\":\"search_term_string\"}}],\"inLanguage\":\"sl-SI\"},{\"@type\":\"Organization\",\"@id\":\"https:\/\/www.lan-bambus.si\/#organization\",\"name\":\"Silva Voelkner s.p.\",\"url\":\"https:\/\/www.lan-bambus.si\/\",\"logo\":{\"@type\":\"ImageObject\",\"inLanguage\":\"sl-SI\",\"@id\":\"https:\/\/www.lan-bambus.si\/#\/schema\/logo\/image\/\",\"url\":\"https:\/\/www.lan-bambus.si\/wp-content\/uploads\/2023\/02\/LOGO-LAN-BAMBUS.SI-350.fw_.png\",\"contentUrl\":\"https:\/\/www.lan-bambus.si\/wp-content\/uploads\/2023\/02\/LOGO-LAN-BAMBUS.SI-350.fw_.png\",\"width\":350,\"height\":132,\"caption\":\"Silva Voelkner s.p.\"},\"image\":{\"@id\":\"https:\/\/www.lan-bambus.si\/#\/schema\/logo\/image\/\"},\"sameAs\":[\"https:\/\/www.facebook.com\/\",\"https:\/\/www.instagram.com\/\"]}]}<\/script>\n<!-- \/ Yoast SEO plugin. -->","yoast_head_json":{"title":"majica CECIL, kratek rokav v beli barvi - Lan-Bambus","robots":{"index":"index","follow":"follow","max-snippet":"max-snippet:-1","max-image-preview":"max-image-preview:large","max-video-preview":"max-video-preview:-1"},"canonical":"https:\/\/www.lan-bambus.si\/index.php\/product\/majica-cecil-kratek-rokav-v-beli-barvi\/","og_locale":"sl_SI","og_type":"article","og_title":"majica CECIL, kratek rokav v beli barvi - Lan-Bambus","og_description":"Material: 100% BOMBA\u017d Vzdr\u017eevanje: \u2013 ne \u010distite kemi\u010dno \u2013 ne belite \u2013 ne su\u0161ite v su\u0161ilnem stroju \u2013 ne likajte vro\u010de \u2013 ne\u017eno pranje pri 30 stopinj C \u017denska majica v stilu Lena znamke CECIL, ima okrogel izrez in sve\u017eo enobarvno barvo. Osnovna majica, ki je odli\u010dna za kombiniranje.","og_url":"https:\/\/www.lan-bambus.si\/index.php\/product\/majica-cecil-kratek-rokav-v-beli-barvi\/","og_site_name":"Lan-Bambus","article_publisher":"https:\/\/www.facebook.com\/","article_modified_time":"2025-03-20T07:02:25+00:00","og_image":[{"width":1094,"height":1576,"url":"https:\/\/www.lan-bambus.si\/wp-content\/uploads\/2025\/01\/B31751510000XS_4063041337128_2_m.webp","type":"image\/webp"}],"twitter_card":"summary_large_image","twitter_misc":{"Est. reading time":"1 minuta"},"schema":{"@context":"https:\/\/schema.org","@graph":[{"@type":"WebPage","@id":"https:\/\/www.lan-bambus.si\/index.php\/product\/majica-cecil-kratek-rokav-v-beli-barvi\/","url":"https:\/\/www.lan-bambus.si\/index.php\/product\/majica-cecil-kratek-rokav-v-beli-barvi\/","name":"majica CECIL, kratek rokav v beli barvi - Lan-Bambus","isPartOf":{"@id":"https:\/\/www.lan-bambus.si\/#website"},"primaryImageOfPage":{"@id":"https:\/\/www.lan-bambus.si\/index.php\/product\/majica-cecil-kratek-rokav-v-beli-barvi\/#primaryimage"},"image":{"@id":"https:\/\/www.lan-bambus.si\/index.php\/product\/majica-cecil-kratek-rokav-v-beli-barvi\/#primaryimage"},"thumbnailUrl":"https:\/\/www.lan-bambus.si\/wp-content\/uploads\/2025\/01\/B31751510000XS_4063041337128_2_m.webp","datePublished":"2025-01-30T07:26:26+00:00","dateModified":"2025-03-20T07:02:25+00:00","breadcrumb":{"@id":"https:\/\/www.lan-bambus.si\/index.php\/product\/majica-cecil-kratek-rokav-v-beli-barvi\/#breadcrumb"},"inLanguage":"sl-SI","potentialAction":[{"@type":"ReadAction","target":["https:\/\/www.lan-bambus.si\/index.php\/product\/majica-cecil-kratek-rokav-v-beli-barvi\/"]}]},{"@type":"ImageObject","inLanguage":"sl-SI","@id":"https:\/\/www.lan-bambus.si\/index.php\/product\/majica-cecil-kratek-rokav-v-beli-barvi\/#primaryimage","url":"https:\/\/www.lan-bambus.si\/wp-content\/uploads\/2025\/01\/B31751510000XS_4063041337128_2_m.webp","contentUrl":"https:\/\/www.lan-bambus.si\/wp-content\/uploads\/2025\/01\/B31751510000XS_4063041337128_2_m.webp","width":1094,"height":1576},{"@type":"BreadcrumbList","@id":"https:\/\/www.lan-bambus.si\/index.php\/product\/majica-cecil-kratek-rokav-v-beli-barvi\/#breadcrumb","itemListElement":[{"@type":"ListItem","position":1,"name":"Home","item":"https:\/\/www.lan-bambus.si\/"},{"@type":"ListItem","position":2,"name":"Shop","item":"https:\/\/www.lan-bambus.si\/index.php\/shop\/"},{"@type":"ListItem","position":3,"name":"majica CECIL, kratek rokav v beli barvi"}]},{"@type":"WebSite","@id":"https:\/\/www.lan-bambus.si\/#website","url":"https:\/\/www.lan-bambus.si\/","name":"lan-bambus.si","description":"Lan-Bambus","publisher":{"@id":"https:\/\/www.lan-bambus.si\/#organization"},"potentialAction":[{"@type":"SearchAction","target":{"@type":"EntryPoint","urlTemplate":"https:\/\/www.lan-bambus.si\/?s={search_term_string}"},"query-input":{"@type":"PropertyValueSpecification","valueRequired":true,"valueName":"search_term_string"}}],"inLanguage":"sl-SI"},{"@type":"Organization","@id":"https:\/\/www.lan-bambus.si\/#organization","name":"Silva Voelkner s.p.","url":"https:\/\/www.lan-bambus.si\/","logo":{"@type":"ImageObject","inLanguage":"sl-SI","@id":"https:\/\/www.lan-bambus.si\/#\/schema\/logo\/image\/","url":"https:\/\/www.lan-bambus.si\/wp-content\/uploads\/2023\/02\/LOGO-LAN-BAMBUS.SI-350.fw_.png","contentUrl":"https:\/\/www.lan-bambus.si\/wp-content\/uploads\/2023\/02\/LOGO-LAN-BAMBUS.SI-350.fw_.png","width":350,"height":132,"caption":"Silva Voelkner s.p."},"image":{"@id":"https:\/\/www.lan-bambus.si\/#\/schema\/logo\/image\/"},"sameAs":["https:\/\/www.facebook.com\/","https:\/\/www.instagram.com\/"]}]}},"_links":{"self":[{"href":"https:\/\/www.lan-bambus.si\/index.php\/wp-json\/wp\/v2\/product\/6770","targetHints":{"allow":["GET"]}}],"collection":[{"href":"https:\/\/www.lan-bambus.si\/index.php\/wp-json\/wp\/v2\/product"}],"about":[{"href":"https:\/\/www.lan-bambus.si\/index.php\/wp-json\/wp\/v2\/types\/product"}],"wp:featuredmedia":[{"embeddable":true,"href":"https:\/\/www.lan-bambus.si\/index.php\/wp-json\/wp\/v2\/media\/6772"}],"wp:attachment":[{"href":"https:\/\/www.lan-bambus.si\/index.php\/wp-json\/wp\/v2\/media?parent=6770"}],"wp:term":[{"taxonomy":"product_brand","embeddable":true,"href":"https:\/\/www.lan-bambus.si\/index.php\/wp-json\/wp\/v2\/product_brand?post=6770"},{"taxonomy":"product_cat","embeddable":true,"href":"https:\/\/www.lan-bambus.si\/index.php\/wp-json\/wp\/v2\/product_cat?post=6770"},{"taxonomy":"product_tag","embeddable":true,"href":"https:\/\/www.lan-bambus.si\/index.php\/wp-json\/wp\/v2\/product_tag?post=6770"}],"curies":[{"name":"wp","href":"https:\/\/api.w.org\/{rel}","templated":true}]}}