{"id":7345,"date":"2025-03-25T10:45:19","date_gmt":"2025-03-25T09:45:19","guid":{"rendered":"https:\/\/www.lan-bambus.si\/?post_type=product&#038;p=7345"},"modified":"2026-03-01T00:37:49","modified_gmt":"2026-02-28T23:37:49","slug":"zenska-pizama-100-bombaz-kratke-hlace-majica-s-kratkimi-rokavi-zelena-kopija","status":"publish","type":"product","link":"https:\/\/www.lan-bambus.si\/index.php\/product\/zenska-pizama-100-bombaz-kratke-hlace-majica-s-kratkimi-rokavi-zelena-kopija\/","title":{"rendered":"\u017dENSKA PI\u017dAMA, 100% bomba\u017e, kratke hla\u010de, majica s kratkimi rokavi, modra"},"content":{"rendered":"<p>Sestav: 100% bomba\u017e<br \/>\nVzdr\u017eevanje: ta izdelek je priporo\u010dljivo prati pri 40\u00b0C in likati na 1. stopnji temperature. Izdelek ne sme biti beljen, kemi\u010dno o\u010di\u0161\u010den ali su\u0161en v su\u0161ilnem stroju.<\/p>\n<p>Osnova kakovostnega spanca je va\u0161e udobje, h kateremu vam bodo pomagala udobna spalna obla\u010dila. Na\u0161e \u017eenske pi\u017eame s kratkimi rokavi in \u200b\u200bpotiskanimi kratkimi hla\u010dami bodo navdu\u0161ile vse ljubiteljice udobja. Pi\u017eama je modernega kroja in je v celoti izdelana iz 100% bomba\u017ea.<\/p>\n","protected":false},"excerpt":{"rendered":"<p>Sestav: 100% bomba\u017e Vzdr\u017eevanje: ta izdelek je priporo\u010dljivo prati pri 40\u00b0C in likati na 1. stopnji temperature. Izdelek ne sme biti beljen, kemi\u010dno o\u010di\u0161\u010den ali su\u0161en v su\u0161ilnem stroju. Osnova kakovostnega spanca je va\u0161e udobje, h kateremu vam bodo pomagala udobna spalna obla\u010dila. Na\u0161e \u017eenske pi\u017eame s kratkimi rokavi in \u200b\u200bpotiskanimi kratkimi hla\u010dami bodo navdu\u0161ile [&hellip;]<\/p>\n","protected":false},"featured_media":7327,"template":"","meta":{"_acf_changed":false,"_themeisle_gutenberg_block_has_review":false},"product_brand":[],"product_cat":[855,857,729],"product_tag":[],"class_list":{"0":"post-7345","1":"product","2":"type-product","3":"status-publish","4":"has-post-thumbnail","6":"product_cat-spalni-program-2","7":"product_cat-zenske-pizame-in-spalne-srajce-spalni-program-2","8":"product_cat-spodnje-perilo","9":"pa_color-modra","10":"pa_color-zelena","12":"first","13":"instock","14":"shipping-taxable","15":"purchasable","16":"product-type-variable"},"acf":[],"yoast_head":"<!-- This site is optimized with the Yoast SEO plugin v25.8 - https:\/\/yoast.com\/wordpress\/plugins\/seo\/ -->\n<title>\u017dENSKA PI\u017dAMA, 100% bomba\u017e, kratke hla\u010de, majica s kratkimi rokavi, modra - Lan-Bambus<\/title>\n<meta name=\"robots\" content=\"index, follow, max-snippet:-1, max-image-preview:large, max-video-preview:-1\" \/>\n<link rel=\"canonical\" href=\"https:\/\/www.lan-bambus.si\/index.php\/product\/zenska-pizama-100-bombaz-kratke-hlace-majica-s-kratkimi-rokavi-zelena-kopija\/\" \/>\n<meta property=\"og:locale\" content=\"sl_SI\" \/>\n<meta property=\"og:type\" content=\"article\" \/>\n<meta property=\"og:title\" content=\"\u017dENSKA PI\u017dAMA, 100% bomba\u017e, kratke hla\u010de, majica s kratkimi rokavi, modra - Lan-Bambus\" \/>\n<meta property=\"og:description\" content=\"Sestav: 100% bomba\u017e Vzdr\u017eevanje: ta izdelek je priporo\u010dljivo prati pri 40\u00b0C in likati na 1. stopnji temperature. Izdelek ne sme biti beljen, kemi\u010dno o\u010di\u0161\u010den ali su\u0161en v su\u0161ilnem stroju. Osnova kakovostnega spanca je va\u0161e udobje, h kateremu vam bodo pomagala udobna spalna obla\u010dila. Na\u0161e \u017eenske pi\u017eame s kratkimi rokavi in \u200b\u200bpotiskanimi kratkimi hla\u010dami bodo navdu\u0161ile [&hellip;]\" \/>\n<meta property=\"og:url\" content=\"https:\/\/www.lan-bambus.si\/index.php\/product\/zenska-pizama-100-bombaz-kratke-hlace-majica-s-kratkimi-rokavi-zelena-kopija\/\" \/>\n<meta property=\"og:site_name\" content=\"Lan-Bambus\" \/>\n<meta property=\"article:publisher\" content=\"https:\/\/www.facebook.com\/\" \/>\n<meta property=\"article:modified_time\" content=\"2026-02-28T23:37:49+00:00\" \/>\n<meta property=\"og:image\" content=\"https:\/\/www.lan-bambus.si\/wp-content\/uploads\/2025\/03\/19148_LBRLBM.jpg\" \/>\n\t<meta property=\"og:image:width\" content=\"280\" \/>\n\t<meta property=\"og:image:height\" content=\"358\" \/>\n\t<meta property=\"og:image:type\" content=\"image\/jpeg\" \/>\n<meta name=\"twitter:card\" content=\"summary_large_image\" \/>\n<meta name=\"twitter:label1\" content=\"Est. reading time\" \/>\n\t<meta name=\"twitter:data1\" content=\"1 minuta\" \/>\n<script type=\"application\/ld+json\" class=\"yoast-schema-graph\">{\"@context\":\"https:\/\/schema.org\",\"@graph\":[{\"@type\":\"WebPage\",\"@id\":\"https:\/\/www.lan-bambus.si\/index.php\/product\/zenska-pizama-100-bombaz-kratke-hlace-majica-s-kratkimi-rokavi-zelena-kopija\/\",\"url\":\"https:\/\/www.lan-bambus.si\/index.php\/product\/zenska-pizama-100-bombaz-kratke-hlace-majica-s-kratkimi-rokavi-zelena-kopija\/\",\"name\":\"\u017dENSKA PI\u017dAMA, 100% bomba\u017e, kratke hla\u010de, majica s kratkimi rokavi, modra - Lan-Bambus\",\"isPartOf\":{\"@id\":\"https:\/\/www.lan-bambus.si\/#website\"},\"primaryImageOfPage\":{\"@id\":\"https:\/\/www.lan-bambus.si\/index.php\/product\/zenska-pizama-100-bombaz-kratke-hlace-majica-s-kratkimi-rokavi-zelena-kopija\/#primaryimage\"},\"image\":{\"@id\":\"https:\/\/www.lan-bambus.si\/index.php\/product\/zenska-pizama-100-bombaz-kratke-hlace-majica-s-kratkimi-rokavi-zelena-kopija\/#primaryimage\"},\"thumbnailUrl\":\"https:\/\/www.lan-bambus.si\/wp-content\/uploads\/2025\/03\/19148_LBRLBM.jpg\",\"datePublished\":\"2025-03-25T09:45:19+00:00\",\"dateModified\":\"2026-02-28T23:37:49+00:00\",\"breadcrumb\":{\"@id\":\"https:\/\/www.lan-bambus.si\/index.php\/product\/zenska-pizama-100-bombaz-kratke-hlace-majica-s-kratkimi-rokavi-zelena-kopija\/#breadcrumb\"},\"inLanguage\":\"sl-SI\",\"potentialAction\":[{\"@type\":\"ReadAction\",\"target\":[\"https:\/\/www.lan-bambus.si\/index.php\/product\/zenska-pizama-100-bombaz-kratke-hlace-majica-s-kratkimi-rokavi-zelena-kopija\/\"]}]},{\"@type\":\"ImageObject\",\"inLanguage\":\"sl-SI\",\"@id\":\"https:\/\/www.lan-bambus.si\/index.php\/product\/zenska-pizama-100-bombaz-kratke-hlace-majica-s-kratkimi-rokavi-zelena-kopija\/#primaryimage\",\"url\":\"https:\/\/www.lan-bambus.si\/wp-content\/uploads\/2025\/03\/19148_LBRLBM.jpg\",\"contentUrl\":\"https:\/\/www.lan-bambus.si\/wp-content\/uploads\/2025\/03\/19148_LBRLBM.jpg\",\"width\":280,\"height\":358},{\"@type\":\"BreadcrumbList\",\"@id\":\"https:\/\/www.lan-bambus.si\/index.php\/product\/zenska-pizama-100-bombaz-kratke-hlace-majica-s-kratkimi-rokavi-zelena-kopija\/#breadcrumb\",\"itemListElement\":[{\"@type\":\"ListItem\",\"position\":1,\"name\":\"Home\",\"item\":\"https:\/\/www.lan-bambus.si\/\"},{\"@type\":\"ListItem\",\"position\":2,\"name\":\"Shop\",\"item\":\"https:\/\/www.lan-bambus.si\/index.php\/shop\/\"},{\"@type\":\"ListItem\",\"position\":3,\"name\":\"\u017dENSKA PI\u017dAMA, 100% bomba\u017e, kratke hla\u010de, majica s kratkimi rokavi, modra\"}]},{\"@type\":\"WebSite\",\"@id\":\"https:\/\/www.lan-bambus.si\/#website\",\"url\":\"https:\/\/www.lan-bambus.si\/\",\"name\":\"lan-bambus.si\",\"description\":\"Lan-Bambus\",\"publisher\":{\"@id\":\"https:\/\/www.lan-bambus.si\/#organization\"},\"potentialAction\":[{\"@type\":\"SearchAction\",\"target\":{\"@type\":\"EntryPoint\",\"urlTemplate\":\"https:\/\/www.lan-bambus.si\/?s={search_term_string}\"},\"query-input\":{\"@type\":\"PropertyValueSpecification\",\"valueRequired\":true,\"valueName\":\"search_term_string\"}}],\"inLanguage\":\"sl-SI\"},{\"@type\":\"Organization\",\"@id\":\"https:\/\/www.lan-bambus.si\/#organization\",\"name\":\"Silva Voelkner s.p.\",\"url\":\"https:\/\/www.lan-bambus.si\/\",\"logo\":{\"@type\":\"ImageObject\",\"inLanguage\":\"sl-SI\",\"@id\":\"https:\/\/www.lan-bambus.si\/#\/schema\/logo\/image\/\",\"url\":\"https:\/\/www.lan-bambus.si\/wp-content\/uploads\/2023\/02\/LOGO-LAN-BAMBUS.SI-350.fw_.png\",\"contentUrl\":\"https:\/\/www.lan-bambus.si\/wp-content\/uploads\/2023\/02\/LOGO-LAN-BAMBUS.SI-350.fw_.png\",\"width\":350,\"height\":132,\"caption\":\"Silva Voelkner s.p.\"},\"image\":{\"@id\":\"https:\/\/www.lan-bambus.si\/#\/schema\/logo\/image\/\"},\"sameAs\":[\"https:\/\/www.facebook.com\/\",\"https:\/\/www.instagram.com\/\"]}]}<\/script>\n<!-- \/ Yoast SEO plugin. -->","yoast_head_json":{"title":"\u017dENSKA PI\u017dAMA, 100% bomba\u017e, kratke hla\u010de, majica s kratkimi rokavi, modra - Lan-Bambus","robots":{"index":"index","follow":"follow","max-snippet":"max-snippet:-1","max-image-preview":"max-image-preview:large","max-video-preview":"max-video-preview:-1"},"canonical":"https:\/\/www.lan-bambus.si\/index.php\/product\/zenska-pizama-100-bombaz-kratke-hlace-majica-s-kratkimi-rokavi-zelena-kopija\/","og_locale":"sl_SI","og_type":"article","og_title":"\u017dENSKA PI\u017dAMA, 100% bomba\u017e, kratke hla\u010de, majica s kratkimi rokavi, modra - Lan-Bambus","og_description":"Sestav: 100% bomba\u017e Vzdr\u017eevanje: ta izdelek je priporo\u010dljivo prati pri 40\u00b0C in likati na 1. stopnji temperature. Izdelek ne sme biti beljen, kemi\u010dno o\u010di\u0161\u010den ali su\u0161en v su\u0161ilnem stroju. Osnova kakovostnega spanca je va\u0161e udobje, h kateremu vam bodo pomagala udobna spalna obla\u010dila. Na\u0161e \u017eenske pi\u017eame s kratkimi rokavi in \u200b\u200bpotiskanimi kratkimi hla\u010dami bodo navdu\u0161ile [&hellip;]","og_url":"https:\/\/www.lan-bambus.si\/index.php\/product\/zenska-pizama-100-bombaz-kratke-hlace-majica-s-kratkimi-rokavi-zelena-kopija\/","og_site_name":"Lan-Bambus","article_publisher":"https:\/\/www.facebook.com\/","article_modified_time":"2026-02-28T23:37:49+00:00","og_image":[{"width":280,"height":358,"url":"https:\/\/www.lan-bambus.si\/wp-content\/uploads\/2025\/03\/19148_LBRLBM.jpg","type":"image\/jpeg"}],"twitter_card":"summary_large_image","twitter_misc":{"Est. reading time":"1 minuta"},"schema":{"@context":"https:\/\/schema.org","@graph":[{"@type":"WebPage","@id":"https:\/\/www.lan-bambus.si\/index.php\/product\/zenska-pizama-100-bombaz-kratke-hlace-majica-s-kratkimi-rokavi-zelena-kopija\/","url":"https:\/\/www.lan-bambus.si\/index.php\/product\/zenska-pizama-100-bombaz-kratke-hlace-majica-s-kratkimi-rokavi-zelena-kopija\/","name":"\u017dENSKA PI\u017dAMA, 100% bomba\u017e, kratke hla\u010de, majica s kratkimi rokavi, modra - Lan-Bambus","isPartOf":{"@id":"https:\/\/www.lan-bambus.si\/#website"},"primaryImageOfPage":{"@id":"https:\/\/www.lan-bambus.si\/index.php\/product\/zenska-pizama-100-bombaz-kratke-hlace-majica-s-kratkimi-rokavi-zelena-kopija\/#primaryimage"},"image":{"@id":"https:\/\/www.lan-bambus.si\/index.php\/product\/zenska-pizama-100-bombaz-kratke-hlace-majica-s-kratkimi-rokavi-zelena-kopija\/#primaryimage"},"thumbnailUrl":"https:\/\/www.lan-bambus.si\/wp-content\/uploads\/2025\/03\/19148_LBRLBM.jpg","datePublished":"2025-03-25T09:45:19+00:00","dateModified":"2026-02-28T23:37:49+00:00","breadcrumb":{"@id":"https:\/\/www.lan-bambus.si\/index.php\/product\/zenska-pizama-100-bombaz-kratke-hlace-majica-s-kratkimi-rokavi-zelena-kopija\/#breadcrumb"},"inLanguage":"sl-SI","potentialAction":[{"@type":"ReadAction","target":["https:\/\/www.lan-bambus.si\/index.php\/product\/zenska-pizama-100-bombaz-kratke-hlace-majica-s-kratkimi-rokavi-zelena-kopija\/"]}]},{"@type":"ImageObject","inLanguage":"sl-SI","@id":"https:\/\/www.lan-bambus.si\/index.php\/product\/zenska-pizama-100-bombaz-kratke-hlace-majica-s-kratkimi-rokavi-zelena-kopija\/#primaryimage","url":"https:\/\/www.lan-bambus.si\/wp-content\/uploads\/2025\/03\/19148_LBRLBM.jpg","contentUrl":"https:\/\/www.lan-bambus.si\/wp-content\/uploads\/2025\/03\/19148_LBRLBM.jpg","width":280,"height":358},{"@type":"BreadcrumbList","@id":"https:\/\/www.lan-bambus.si\/index.php\/product\/zenska-pizama-100-bombaz-kratke-hlace-majica-s-kratkimi-rokavi-zelena-kopija\/#breadcrumb","itemListElement":[{"@type":"ListItem","position":1,"name":"Home","item":"https:\/\/www.lan-bambus.si\/"},{"@type":"ListItem","position":2,"name":"Shop","item":"https:\/\/www.lan-bambus.si\/index.php\/shop\/"},{"@type":"ListItem","position":3,"name":"\u017dENSKA PI\u017dAMA, 100% bomba\u017e, kratke hla\u010de, majica s kratkimi rokavi, modra"}]},{"@type":"WebSite","@id":"https:\/\/www.lan-bambus.si\/#website","url":"https:\/\/www.lan-bambus.si\/","name":"lan-bambus.si","description":"Lan-Bambus","publisher":{"@id":"https:\/\/www.lan-bambus.si\/#organization"},"potentialAction":[{"@type":"SearchAction","target":{"@type":"EntryPoint","urlTemplate":"https:\/\/www.lan-bambus.si\/?s={search_term_string}"},"query-input":{"@type":"PropertyValueSpecification","valueRequired":true,"valueName":"search_term_string"}}],"inLanguage":"sl-SI"},{"@type":"Organization","@id":"https:\/\/www.lan-bambus.si\/#organization","name":"Silva Voelkner s.p.","url":"https:\/\/www.lan-bambus.si\/","logo":{"@type":"ImageObject","inLanguage":"sl-SI","@id":"https:\/\/www.lan-bambus.si\/#\/schema\/logo\/image\/","url":"https:\/\/www.lan-bambus.si\/wp-content\/uploads\/2023\/02\/LOGO-LAN-BAMBUS.SI-350.fw_.png","contentUrl":"https:\/\/www.lan-bambus.si\/wp-content\/uploads\/2023\/02\/LOGO-LAN-BAMBUS.SI-350.fw_.png","width":350,"height":132,"caption":"Silva Voelkner s.p."},"image":{"@id":"https:\/\/www.lan-bambus.si\/#\/schema\/logo\/image\/"},"sameAs":["https:\/\/www.facebook.com\/","https:\/\/www.instagram.com\/"]}]}},"_links":{"self":[{"href":"https:\/\/www.lan-bambus.si\/index.php\/wp-json\/wp\/v2\/product\/7345","targetHints":{"allow":["GET"]}}],"collection":[{"href":"https:\/\/www.lan-bambus.si\/index.php\/wp-json\/wp\/v2\/product"}],"about":[{"href":"https:\/\/www.lan-bambus.si\/index.php\/wp-json\/wp\/v2\/types\/product"}],"wp:featuredmedia":[{"embeddable":true,"href":"https:\/\/www.lan-bambus.si\/index.php\/wp-json\/wp\/v2\/media\/7327"}],"wp:attachment":[{"href":"https:\/\/www.lan-bambus.si\/index.php\/wp-json\/wp\/v2\/media?parent=7345"}],"wp:term":[{"taxonomy":"product_brand","embeddable":true,"href":"https:\/\/www.lan-bambus.si\/index.php\/wp-json\/wp\/v2\/product_brand?post=7345"},{"taxonomy":"product_cat","embeddable":true,"href":"https:\/\/www.lan-bambus.si\/index.php\/wp-json\/wp\/v2\/product_cat?post=7345"},{"taxonomy":"product_tag","embeddable":true,"href":"https:\/\/www.lan-bambus.si\/index.php\/wp-json\/wp\/v2\/product_tag?post=7345"}],"curies":[{"name":"wp","href":"https:\/\/api.w.org\/{rel}","templated":true}]}}