{"id":7399,"date":"2025-03-26T09:44:34","date_gmt":"2025-03-26T08:44:34","guid":{"rendered":"https:\/\/www.lan-bambus.si\/?post_type=product&#038;p=7399"},"modified":"2026-03-01T00:33:29","modified_gmt":"2026-02-28T23:33:29","slug":"zenska-pizama-100-bombaz-s-kratkimi-rokavi-in-3-4-hlacami","status":"publish","type":"product","link":"https:\/\/www.lan-bambus.si\/index.php\/product\/zenska-pizama-100-bombaz-s-kratkimi-rokavi-in-3-4-hlacami\/","title":{"rendered":"\u017dENSKA PI\u017dAMA , 100% bomba\u017e, s kratkimi rokavi in 3\/4 hla\u010dami"},"content":{"rendered":"<p>Sestav: 100% bomba\u017e<br \/>\nVzdr\u017eevanje: Ta izdelek priporo\u010damo za pranje pri 40\u00b0C in likanje pri temperaturni stopnji 1. Izdelka ne smete beliti, kemi\u010dno \u010distiti ali su\u0161iti v su\u0161ilnem stroju.<\/p>\n<p>Osnova kakovostnega spanca je va\u0161e udobje, h kateremu vam bodo pomagala udobna spalna obla\u010dila. Na\u0161e \u017eenske pi\u017eame s kratkimi rokavi in \u200b\u200b3\/4 ohlapnimi hla\u010dami s potiskom bodo navdu\u0161ile vse ljubiteljice udobja. Pi\u017eama je ohlapnega kroja in v celoti izdelana iz 100% bomba\u017enega pletiva, kar pomeni, da se boste dobesedno po\u010dutili, kot da spite v odeji.<\/p>\n","protected":false},"excerpt":{"rendered":"<p>Sestav: 100% bomba\u017e Vzdr\u017eevanje: Ta izdelek priporo\u010damo za pranje pri 40\u00b0C in likanje pri temperaturni stopnji 1. Izdelka ne smete beliti, kemi\u010dno \u010distiti ali su\u0161iti v su\u0161ilnem stroju. Osnova kakovostnega spanca je va\u0161e udobje, h kateremu vam bodo pomagala udobna spalna obla\u010dila. Na\u0161e \u017eenske pi\u017eame s kratkimi rokavi in \u200b\u200b3\/4 ohlapnimi hla\u010dami s potiskom bodo [&hellip;]<\/p>\n","protected":false},"featured_media":7401,"template":"","meta":{"_acf_changed":false,"_themeisle_gutenberg_block_has_review":false},"product_brand":[],"product_cat":[855,857,729],"product_tag":[],"class_list":{"0":"post-7399","1":"product","2":"type-product","3":"status-publish","4":"has-post-thumbnail","6":"product_cat-spalni-program-2","7":"product_cat-zenske-pizame-in-spalne-srajce-spalni-program-2","8":"product_cat-spodnje-perilo","9":"pa_color-lila","11":"first","12":"instock","13":"shipping-taxable","14":"purchasable","15":"product-type-variable"},"acf":[],"yoast_head":"<!-- This site is optimized with the Yoast SEO plugin v25.8 - https:\/\/yoast.com\/wordpress\/plugins\/seo\/ -->\n<title>\u017dENSKA PI\u017dAMA , 100% bomba\u017e, s kratkimi rokavi in 3\/4 hla\u010dami - Lan-Bambus<\/title>\n<meta name=\"robots\" content=\"index, follow, max-snippet:-1, max-image-preview:large, max-video-preview:-1\" \/>\n<link rel=\"canonical\" href=\"https:\/\/www.lan-bambus.si\/index.php\/product\/zenska-pizama-100-bombaz-s-kratkimi-rokavi-in-3-4-hlacami\/\" \/>\n<meta property=\"og:locale\" content=\"sl_SI\" \/>\n<meta property=\"og:type\" content=\"article\" \/>\n<meta property=\"og:title\" content=\"\u017dENSKA PI\u017dAMA , 100% bomba\u017e, s kratkimi rokavi in 3\/4 hla\u010dami - Lan-Bambus\" \/>\n<meta property=\"og:description\" content=\"Sestav: 100% bomba\u017e Vzdr\u017eevanje: Ta izdelek priporo\u010damo za pranje pri 40\u00b0C in likanje pri temperaturni stopnji 1. Izdelka ne smete beliti, kemi\u010dno \u010distiti ali su\u0161iti v su\u0161ilnem stroju. Osnova kakovostnega spanca je va\u0161e udobje, h kateremu vam bodo pomagala udobna spalna obla\u010dila. Na\u0161e \u017eenske pi\u017eame s kratkimi rokavi in \u200b\u200b3\/4 ohlapnimi hla\u010dami s potiskom bodo [&hellip;]\" \/>\n<meta property=\"og:url\" content=\"https:\/\/www.lan-bambus.si\/index.php\/product\/zenska-pizama-100-bombaz-s-kratkimi-rokavi-in-3-4-hlacami\/\" \/>\n<meta property=\"og:site_name\" content=\"Lan-Bambus\" \/>\n<meta property=\"article:publisher\" content=\"https:\/\/www.facebook.com\/\" \/>\n<meta property=\"article:modified_time\" content=\"2026-02-28T23:33:29+00:00\" \/>\n<meta property=\"og:image\" content=\"https:\/\/www.lan-bambus.si\/wp-content\/uploads\/2025\/03\/19150_MRMDFM.jpg\" \/>\n\t<meta property=\"og:image:width\" content=\"624\" \/>\n\t<meta property=\"og:image:height\" content=\"798\" \/>\n\t<meta property=\"og:image:type\" content=\"image\/jpeg\" \/>\n<meta name=\"twitter:card\" content=\"summary_large_image\" \/>\n<meta name=\"twitter:label1\" content=\"Est. reading time\" \/>\n\t<meta name=\"twitter:data1\" content=\"1 minuta\" \/>\n<script type=\"application\/ld+json\" class=\"yoast-schema-graph\">{\"@context\":\"https:\/\/schema.org\",\"@graph\":[{\"@type\":\"WebPage\",\"@id\":\"https:\/\/www.lan-bambus.si\/index.php\/product\/zenska-pizama-100-bombaz-s-kratkimi-rokavi-in-3-4-hlacami\/\",\"url\":\"https:\/\/www.lan-bambus.si\/index.php\/product\/zenska-pizama-100-bombaz-s-kratkimi-rokavi-in-3-4-hlacami\/\",\"name\":\"\u017dENSKA PI\u017dAMA , 100% bomba\u017e, s kratkimi rokavi in 3\/4 hla\u010dami - Lan-Bambus\",\"isPartOf\":{\"@id\":\"https:\/\/www.lan-bambus.si\/#website\"},\"primaryImageOfPage\":{\"@id\":\"https:\/\/www.lan-bambus.si\/index.php\/product\/zenska-pizama-100-bombaz-s-kratkimi-rokavi-in-3-4-hlacami\/#primaryimage\"},\"image\":{\"@id\":\"https:\/\/www.lan-bambus.si\/index.php\/product\/zenska-pizama-100-bombaz-s-kratkimi-rokavi-in-3-4-hlacami\/#primaryimage\"},\"thumbnailUrl\":\"https:\/\/www.lan-bambus.si\/wp-content\/uploads\/2025\/03\/19150_MRMDFM.jpg\",\"datePublished\":\"2025-03-26T08:44:34+00:00\",\"dateModified\":\"2026-02-28T23:33:29+00:00\",\"breadcrumb\":{\"@id\":\"https:\/\/www.lan-bambus.si\/index.php\/product\/zenska-pizama-100-bombaz-s-kratkimi-rokavi-in-3-4-hlacami\/#breadcrumb\"},\"inLanguage\":\"sl-SI\",\"potentialAction\":[{\"@type\":\"ReadAction\",\"target\":[\"https:\/\/www.lan-bambus.si\/index.php\/product\/zenska-pizama-100-bombaz-s-kratkimi-rokavi-in-3-4-hlacami\/\"]}]},{\"@type\":\"ImageObject\",\"inLanguage\":\"sl-SI\",\"@id\":\"https:\/\/www.lan-bambus.si\/index.php\/product\/zenska-pizama-100-bombaz-s-kratkimi-rokavi-in-3-4-hlacami\/#primaryimage\",\"url\":\"https:\/\/www.lan-bambus.si\/wp-content\/uploads\/2025\/03\/19150_MRMDFM.jpg\",\"contentUrl\":\"https:\/\/www.lan-bambus.si\/wp-content\/uploads\/2025\/03\/19150_MRMDFM.jpg\",\"width\":624,\"height\":798},{\"@type\":\"BreadcrumbList\",\"@id\":\"https:\/\/www.lan-bambus.si\/index.php\/product\/zenska-pizama-100-bombaz-s-kratkimi-rokavi-in-3-4-hlacami\/#breadcrumb\",\"itemListElement\":[{\"@type\":\"ListItem\",\"position\":1,\"name\":\"Home\",\"item\":\"https:\/\/www.lan-bambus.si\/\"},{\"@type\":\"ListItem\",\"position\":2,\"name\":\"Shop\",\"item\":\"https:\/\/www.lan-bambus.si\/index.php\/shop\/\"},{\"@type\":\"ListItem\",\"position\":3,\"name\":\"\u017dENSKA PI\u017dAMA , 100% bomba\u017e, s kratkimi rokavi in 3\/4 hla\u010dami\"}]},{\"@type\":\"WebSite\",\"@id\":\"https:\/\/www.lan-bambus.si\/#website\",\"url\":\"https:\/\/www.lan-bambus.si\/\",\"name\":\"lan-bambus.si\",\"description\":\"Lan-Bambus\",\"publisher\":{\"@id\":\"https:\/\/www.lan-bambus.si\/#organization\"},\"potentialAction\":[{\"@type\":\"SearchAction\",\"target\":{\"@type\":\"EntryPoint\",\"urlTemplate\":\"https:\/\/www.lan-bambus.si\/?s={search_term_string}\"},\"query-input\":{\"@type\":\"PropertyValueSpecification\",\"valueRequired\":true,\"valueName\":\"search_term_string\"}}],\"inLanguage\":\"sl-SI\"},{\"@type\":\"Organization\",\"@id\":\"https:\/\/www.lan-bambus.si\/#organization\",\"name\":\"Silva Voelkner s.p.\",\"url\":\"https:\/\/www.lan-bambus.si\/\",\"logo\":{\"@type\":\"ImageObject\",\"inLanguage\":\"sl-SI\",\"@id\":\"https:\/\/www.lan-bambus.si\/#\/schema\/logo\/image\/\",\"url\":\"https:\/\/www.lan-bambus.si\/wp-content\/uploads\/2023\/02\/LOGO-LAN-BAMBUS.SI-350.fw_.png\",\"contentUrl\":\"https:\/\/www.lan-bambus.si\/wp-content\/uploads\/2023\/02\/LOGO-LAN-BAMBUS.SI-350.fw_.png\",\"width\":350,\"height\":132,\"caption\":\"Silva Voelkner s.p.\"},\"image\":{\"@id\":\"https:\/\/www.lan-bambus.si\/#\/schema\/logo\/image\/\"},\"sameAs\":[\"https:\/\/www.facebook.com\/\",\"https:\/\/www.instagram.com\/\"]}]}<\/script>\n<!-- \/ Yoast SEO plugin. -->","yoast_head_json":{"title":"\u017dENSKA PI\u017dAMA , 100% bomba\u017e, s kratkimi rokavi in 3\/4 hla\u010dami - Lan-Bambus","robots":{"index":"index","follow":"follow","max-snippet":"max-snippet:-1","max-image-preview":"max-image-preview:large","max-video-preview":"max-video-preview:-1"},"canonical":"https:\/\/www.lan-bambus.si\/index.php\/product\/zenska-pizama-100-bombaz-s-kratkimi-rokavi-in-3-4-hlacami\/","og_locale":"sl_SI","og_type":"article","og_title":"\u017dENSKA PI\u017dAMA , 100% bomba\u017e, s kratkimi rokavi in 3\/4 hla\u010dami - Lan-Bambus","og_description":"Sestav: 100% bomba\u017e Vzdr\u017eevanje: Ta izdelek priporo\u010damo za pranje pri 40\u00b0C in likanje pri temperaturni stopnji 1. Izdelka ne smete beliti, kemi\u010dno \u010distiti ali su\u0161iti v su\u0161ilnem stroju. Osnova kakovostnega spanca je va\u0161e udobje, h kateremu vam bodo pomagala udobna spalna obla\u010dila. Na\u0161e \u017eenske pi\u017eame s kratkimi rokavi in \u200b\u200b3\/4 ohlapnimi hla\u010dami s potiskom bodo [&hellip;]","og_url":"https:\/\/www.lan-bambus.si\/index.php\/product\/zenska-pizama-100-bombaz-s-kratkimi-rokavi-in-3-4-hlacami\/","og_site_name":"Lan-Bambus","article_publisher":"https:\/\/www.facebook.com\/","article_modified_time":"2026-02-28T23:33:29+00:00","og_image":[{"width":624,"height":798,"url":"https:\/\/www.lan-bambus.si\/wp-content\/uploads\/2025\/03\/19150_MRMDFM.jpg","type":"image\/jpeg"}],"twitter_card":"summary_large_image","twitter_misc":{"Est. reading time":"1 minuta"},"schema":{"@context":"https:\/\/schema.org","@graph":[{"@type":"WebPage","@id":"https:\/\/www.lan-bambus.si\/index.php\/product\/zenska-pizama-100-bombaz-s-kratkimi-rokavi-in-3-4-hlacami\/","url":"https:\/\/www.lan-bambus.si\/index.php\/product\/zenska-pizama-100-bombaz-s-kratkimi-rokavi-in-3-4-hlacami\/","name":"\u017dENSKA PI\u017dAMA , 100% bomba\u017e, s kratkimi rokavi in 3\/4 hla\u010dami - Lan-Bambus","isPartOf":{"@id":"https:\/\/www.lan-bambus.si\/#website"},"primaryImageOfPage":{"@id":"https:\/\/www.lan-bambus.si\/index.php\/product\/zenska-pizama-100-bombaz-s-kratkimi-rokavi-in-3-4-hlacami\/#primaryimage"},"image":{"@id":"https:\/\/www.lan-bambus.si\/index.php\/product\/zenska-pizama-100-bombaz-s-kratkimi-rokavi-in-3-4-hlacami\/#primaryimage"},"thumbnailUrl":"https:\/\/www.lan-bambus.si\/wp-content\/uploads\/2025\/03\/19150_MRMDFM.jpg","datePublished":"2025-03-26T08:44:34+00:00","dateModified":"2026-02-28T23:33:29+00:00","breadcrumb":{"@id":"https:\/\/www.lan-bambus.si\/index.php\/product\/zenska-pizama-100-bombaz-s-kratkimi-rokavi-in-3-4-hlacami\/#breadcrumb"},"inLanguage":"sl-SI","potentialAction":[{"@type":"ReadAction","target":["https:\/\/www.lan-bambus.si\/index.php\/product\/zenska-pizama-100-bombaz-s-kratkimi-rokavi-in-3-4-hlacami\/"]}]},{"@type":"ImageObject","inLanguage":"sl-SI","@id":"https:\/\/www.lan-bambus.si\/index.php\/product\/zenska-pizama-100-bombaz-s-kratkimi-rokavi-in-3-4-hlacami\/#primaryimage","url":"https:\/\/www.lan-bambus.si\/wp-content\/uploads\/2025\/03\/19150_MRMDFM.jpg","contentUrl":"https:\/\/www.lan-bambus.si\/wp-content\/uploads\/2025\/03\/19150_MRMDFM.jpg","width":624,"height":798},{"@type":"BreadcrumbList","@id":"https:\/\/www.lan-bambus.si\/index.php\/product\/zenska-pizama-100-bombaz-s-kratkimi-rokavi-in-3-4-hlacami\/#breadcrumb","itemListElement":[{"@type":"ListItem","position":1,"name":"Home","item":"https:\/\/www.lan-bambus.si\/"},{"@type":"ListItem","position":2,"name":"Shop","item":"https:\/\/www.lan-bambus.si\/index.php\/shop\/"},{"@type":"ListItem","position":3,"name":"\u017dENSKA PI\u017dAMA , 100% bomba\u017e, s kratkimi rokavi in 3\/4 hla\u010dami"}]},{"@type":"WebSite","@id":"https:\/\/www.lan-bambus.si\/#website","url":"https:\/\/www.lan-bambus.si\/","name":"lan-bambus.si","description":"Lan-Bambus","publisher":{"@id":"https:\/\/www.lan-bambus.si\/#organization"},"potentialAction":[{"@type":"SearchAction","target":{"@type":"EntryPoint","urlTemplate":"https:\/\/www.lan-bambus.si\/?s={search_term_string}"},"query-input":{"@type":"PropertyValueSpecification","valueRequired":true,"valueName":"search_term_string"}}],"inLanguage":"sl-SI"},{"@type":"Organization","@id":"https:\/\/www.lan-bambus.si\/#organization","name":"Silva Voelkner s.p.","url":"https:\/\/www.lan-bambus.si\/","logo":{"@type":"ImageObject","inLanguage":"sl-SI","@id":"https:\/\/www.lan-bambus.si\/#\/schema\/logo\/image\/","url":"https:\/\/www.lan-bambus.si\/wp-content\/uploads\/2023\/02\/LOGO-LAN-BAMBUS.SI-350.fw_.png","contentUrl":"https:\/\/www.lan-bambus.si\/wp-content\/uploads\/2023\/02\/LOGO-LAN-BAMBUS.SI-350.fw_.png","width":350,"height":132,"caption":"Silva Voelkner s.p."},"image":{"@id":"https:\/\/www.lan-bambus.si\/#\/schema\/logo\/image\/"},"sameAs":["https:\/\/www.facebook.com\/","https:\/\/www.instagram.com\/"]}]}},"_links":{"self":[{"href":"https:\/\/www.lan-bambus.si\/index.php\/wp-json\/wp\/v2\/product\/7399","targetHints":{"allow":["GET"]}}],"collection":[{"href":"https:\/\/www.lan-bambus.si\/index.php\/wp-json\/wp\/v2\/product"}],"about":[{"href":"https:\/\/www.lan-bambus.si\/index.php\/wp-json\/wp\/v2\/types\/product"}],"wp:featuredmedia":[{"embeddable":true,"href":"https:\/\/www.lan-bambus.si\/index.php\/wp-json\/wp\/v2\/media\/7401"}],"wp:attachment":[{"href":"https:\/\/www.lan-bambus.si\/index.php\/wp-json\/wp\/v2\/media?parent=7399"}],"wp:term":[{"taxonomy":"product_brand","embeddable":true,"href":"https:\/\/www.lan-bambus.si\/index.php\/wp-json\/wp\/v2\/product_brand?post=7399"},{"taxonomy":"product_cat","embeddable":true,"href":"https:\/\/www.lan-bambus.si\/index.php\/wp-json\/wp\/v2\/product_cat?post=7399"},{"taxonomy":"product_tag","embeddable":true,"href":"https:\/\/www.lan-bambus.si\/index.php\/wp-json\/wp\/v2\/product_tag?post=7399"}],"curies":[{"name":"wp","href":"https:\/\/api.w.org\/{rel}","templated":true}]}}