{"id":9644,"date":"2026-02-25T19:30:40","date_gmt":"2026-02-25T18:30:40","guid":{"rendered":"https:\/\/www.lan-bambus.si\/?post_type=product&#038;p=9644"},"modified":"2026-03-01T00:03:22","modified_gmt":"2026-02-28T23:03:22","slug":"moska-pizama-kolekcija-eco-bamboo","status":"publish","type":"product","link":"https:\/\/www.lan-bambus.si\/index.php\/product\/moska-pizama-kolekcija-eco-bamboo\/","title":{"rendered":"MO\u0160KA PI\u017dAMA, kolekcija eco BAMBOO"},"content":{"rendered":"<p>Sestava:<br \/>\n-67 % bambusova viskoza, 28 % bomba\u017e, 5 % elastan.<\/p>\n<p>Vzdr\u017eevanje:<br \/>\n-ta izdelek je priporo\u010dljivo prati pri 40\u00b0C. Izdelka ni priporo\u010dljivo likati. Izdelek ne sme biti beljen, kemi\u010dno o\u010di\u0161\u010den ali su\u0161en v su\u0161ilnem stroju.<\/p>\n<p>Mo\u0161ka dolga, ohlapna pi\u017eama iz fine pletenine z bambusovo viskozo vam bo nudila edinstveno udobje med spanjem. Majica je enobarvna, hla\u010de so zaklju\u010dene s patentom.<br \/>\nPrepustite se objemu te razko\u0161ne kolekcije  ECO Bamboo.<\/p>\n<p>Kolekcija ECO Bamboo je izdelana z ekolo\u0161ko obdelavo tako samih vlaken, kot tudi postopek barvanja in dodelave tkanine.<\/p>\n<p>Bambus uporabljen v \u201cECO Bamboo\u201d kolekciji je gojen v nadzorovanih planta\u017eah. Te delujejo v skladu s strogimi pogoji glede ekologije, trajnostnega razvoja in ohranjanja \u010disto\u010de na\u0161ega planeta. Prijazen je va\u0161i ko\u017ei in okolju.<\/p>\n<p>&#8211; Potrdilo o kakovosti in varnosti Oeko-Tex\u00ae Standard 100<br \/>\n&#8211; Narejeno v EU<\/p>\n<p>Lastnosti bambusovih vlaken<br \/>\nMateriali z bambusovimi vlakni imajo \u0161tevilne zanimive in uporabniku prijazne lastnosti. \u017de ob prvem stiku vas bo prijetno presenetil zelo mehak in prijeten ob\u010dutek, ki ga lahko primerjate s svilo ali ka\u0161mirjem. Tisti, ki obo\u017eujete perilo z bambusovimi vlakni, boste \u0161e posebej cenili njegove antibakterijske in antistati\u010dne lastnosti. Komponenta Bamboo Khun, ki omogo\u010da ekolo\u0161ko gojenje bambusa, ostane ohranjena tudi v bambusovem vlaknu in prepre\u010duje razmno\u017eevanje bakterij ter omejuje nastajanje neprijetnih vonjav. Poro\u010dajo, da lahko ta sestavina odstrani do 70% neza\u017eelenih bakterij. To daje perilu izjemno udobje, hkrati pa je ta material primeren tudi za ljudi z ob\u010dutljivej\u0161o ko\u017eo. \u010ce sodite med bolj \u0161portno aktivne ljudi, boste ravno nasprotno cenili prijetne termoregulacijske in vpojne lastnosti materiala z bambusovimi vlakni. Povr\u0161inska struktura samega vlakna je razdeljena s \u0161tevilnimi mikrosporami in tako omogo\u010da do 3x bolj\u0161e odvajanje vlage s ko\u017ee kot bomba\u017e. Cenili pa boste tudi dejstvo, da ta material ne izsu\u0161i ko\u017ee, ampak ohranja naravno mikroklimo pod obla\u010dili. V toplih letnih \u010dasih je tekstil 2-3 stopinje hladnej\u0161i od bomba\u017ea in vas prijetno hladi na telesu. Nasprotno, grel vas bo v hladnej\u0161ih letnih \u010dasih. Te lastnosti so primerljive s sinteti\u010dno proizvedenimi vlakni, iz katerih so izdelani materiali za \u0161portna funkcionalna obla\u010dila. Material je zelo dobro odporen na obremenitve in ohranja svoje pozitivne lastnosti tudi po ve\u010dkratnem pranju, kar prispeva k njegovi dolgotrajni \u017eivljenjski dobi.<\/p>\n","protected":false},"excerpt":{"rendered":"<p>Sestava: -67 % bambusova viskoza, 28 % bomba\u017e, 5 % elastan. Vzdr\u017eevanje: -ta izdelek je priporo\u010dljivo prati pri 40\u00b0C. Izdelka ni priporo\u010dljivo likati. Izdelek ne sme biti beljen, kemi\u010dno o\u010di\u0161\u010den ali su\u0161en v su\u0161ilnem stroju. Mo\u0161ka dolga, ohlapna pi\u017eama iz fine pletenine z bambusovo viskozo vam bo nudila edinstveno udobje med spanjem. Majica je enobarvna, [&hellip;]<\/p>\n","protected":false},"featured_media":9555,"template":"","meta":{"_acf_changed":false,"_themeisle_gutenberg_block_has_review":false},"product_brand":[],"product_cat":[858,862,855,828],"product_tag":[],"class_list":{"0":"post-9644","1":"product","2":"type-product","3":"status-publish","4":"has-post-thumbnail","6":"product_cat-moske-in-zenske-pizame-iz-bambusovih-vlaken","7":"product_cat-moske-pizame-spalni-program-2","8":"product_cat-spalni-program-2","9":"product_cat-bambus","10":"pa_color-siva","12":"first","13":"instock","14":"shipping-taxable","15":"purchasable","16":"product-type-variable"},"acf":[],"yoast_head":"<!-- This site is optimized with the Yoast SEO plugin v25.8 - https:\/\/yoast.com\/wordpress\/plugins\/seo\/ -->\n<title>MO\u0160KA PI\u017dAMA, kolekcija eco BAMBOO - Lan-Bambus<\/title>\n<meta name=\"robots\" content=\"index, follow, max-snippet:-1, max-image-preview:large, max-video-preview:-1\" \/>\n<link rel=\"canonical\" href=\"https:\/\/www.lan-bambus.si\/index.php\/product\/moska-pizama-kolekcija-eco-bamboo\/\" \/>\n<meta property=\"og:locale\" content=\"sl_SI\" \/>\n<meta property=\"og:type\" content=\"article\" \/>\n<meta property=\"og:title\" content=\"MO\u0160KA PI\u017dAMA, kolekcija eco BAMBOO - Lan-Bambus\" \/>\n<meta property=\"og:description\" content=\"Sestava: -67 % bambusova viskoza, 28 % bomba\u017e, 5 % elastan. Vzdr\u017eevanje: -ta izdelek je priporo\u010dljivo prati pri 40\u00b0C. Izdelka ni priporo\u010dljivo likati. Izdelek ne sme biti beljen, kemi\u010dno o\u010di\u0161\u010den ali su\u0161en v su\u0161ilnem stroju. Mo\u0161ka dolga, ohlapna pi\u017eama iz fine pletenine z bambusovo viskozo vam bo nudila edinstveno udobje med spanjem. Majica je enobarvna, [&hellip;]\" \/>\n<meta property=\"og:url\" content=\"https:\/\/www.lan-bambus.si\/index.php\/product\/moska-pizama-kolekcija-eco-bamboo\/\" \/>\n<meta property=\"og:site_name\" content=\"Lan-Bambus\" \/>\n<meta property=\"article:publisher\" content=\"https:\/\/www.facebook.com\/\" \/>\n<meta property=\"article:modified_time\" content=\"2026-02-28T23:03:22+00:00\" \/>\n<meta property=\"og:image\" content=\"https:\/\/www.lan-bambus.si\/wp-content\/uploads\/2026\/01\/79207_DxGMxC.jpg\" \/>\n\t<meta property=\"og:image:width\" content=\"280\" \/>\n\t<meta property=\"og:image:height\" content=\"358\" \/>\n\t<meta property=\"og:image:type\" content=\"image\/jpeg\" \/>\n<meta name=\"twitter:card\" content=\"summary_large_image\" \/>\n<meta name=\"twitter:label1\" content=\"Est. reading time\" \/>\n\t<meta name=\"twitter:data1\" content=\"3 minute\" \/>\n<script type=\"application\/ld+json\" class=\"yoast-schema-graph\">{\"@context\":\"https:\/\/schema.org\",\"@graph\":[{\"@type\":\"WebPage\",\"@id\":\"https:\/\/www.lan-bambus.si\/index.php\/product\/moska-pizama-kolekcija-eco-bamboo\/\",\"url\":\"https:\/\/www.lan-bambus.si\/index.php\/product\/moska-pizama-kolekcija-eco-bamboo\/\",\"name\":\"MO\u0160KA PI\u017dAMA, kolekcija eco BAMBOO - Lan-Bambus\",\"isPartOf\":{\"@id\":\"https:\/\/www.lan-bambus.si\/#website\"},\"primaryImageOfPage\":{\"@id\":\"https:\/\/www.lan-bambus.si\/index.php\/product\/moska-pizama-kolekcija-eco-bamboo\/#primaryimage\"},\"image\":{\"@id\":\"https:\/\/www.lan-bambus.si\/index.php\/product\/moska-pizama-kolekcija-eco-bamboo\/#primaryimage\"},\"thumbnailUrl\":\"https:\/\/www.lan-bambus.si\/wp-content\/uploads\/2026\/01\/79207_DxGMxC.jpg\",\"datePublished\":\"2026-02-25T18:30:40+00:00\",\"dateModified\":\"2026-02-28T23:03:22+00:00\",\"breadcrumb\":{\"@id\":\"https:\/\/www.lan-bambus.si\/index.php\/product\/moska-pizama-kolekcija-eco-bamboo\/#breadcrumb\"},\"inLanguage\":\"sl-SI\",\"potentialAction\":[{\"@type\":\"ReadAction\",\"target\":[\"https:\/\/www.lan-bambus.si\/index.php\/product\/moska-pizama-kolekcija-eco-bamboo\/\"]}]},{\"@type\":\"ImageObject\",\"inLanguage\":\"sl-SI\",\"@id\":\"https:\/\/www.lan-bambus.si\/index.php\/product\/moska-pizama-kolekcija-eco-bamboo\/#primaryimage\",\"url\":\"https:\/\/www.lan-bambus.si\/wp-content\/uploads\/2026\/01\/79207_DxGMxC.jpg\",\"contentUrl\":\"https:\/\/www.lan-bambus.si\/wp-content\/uploads\/2026\/01\/79207_DxGMxC.jpg\",\"width\":280,\"height\":358},{\"@type\":\"BreadcrumbList\",\"@id\":\"https:\/\/www.lan-bambus.si\/index.php\/product\/moska-pizama-kolekcija-eco-bamboo\/#breadcrumb\",\"itemListElement\":[{\"@type\":\"ListItem\",\"position\":1,\"name\":\"Home\",\"item\":\"https:\/\/www.lan-bambus.si\/\"},{\"@type\":\"ListItem\",\"position\":2,\"name\":\"Shop\",\"item\":\"https:\/\/www.lan-bambus.si\/index.php\/shop\/\"},{\"@type\":\"ListItem\",\"position\":3,\"name\":\"MO\u0160KA PI\u017dAMA, kolekcija eco BAMBOO\"}]},{\"@type\":\"WebSite\",\"@id\":\"https:\/\/www.lan-bambus.si\/#website\",\"url\":\"https:\/\/www.lan-bambus.si\/\",\"name\":\"lan-bambus.si\",\"description\":\"Lan-Bambus\",\"publisher\":{\"@id\":\"https:\/\/www.lan-bambus.si\/#organization\"},\"potentialAction\":[{\"@type\":\"SearchAction\",\"target\":{\"@type\":\"EntryPoint\",\"urlTemplate\":\"https:\/\/www.lan-bambus.si\/?s={search_term_string}\"},\"query-input\":{\"@type\":\"PropertyValueSpecification\",\"valueRequired\":true,\"valueName\":\"search_term_string\"}}],\"inLanguage\":\"sl-SI\"},{\"@type\":\"Organization\",\"@id\":\"https:\/\/www.lan-bambus.si\/#organization\",\"name\":\"Silva Voelkner s.p.\",\"url\":\"https:\/\/www.lan-bambus.si\/\",\"logo\":{\"@type\":\"ImageObject\",\"inLanguage\":\"sl-SI\",\"@id\":\"https:\/\/www.lan-bambus.si\/#\/schema\/logo\/image\/\",\"url\":\"https:\/\/www.lan-bambus.si\/wp-content\/uploads\/2023\/02\/LOGO-LAN-BAMBUS.SI-350.fw_.png\",\"contentUrl\":\"https:\/\/www.lan-bambus.si\/wp-content\/uploads\/2023\/02\/LOGO-LAN-BAMBUS.SI-350.fw_.png\",\"width\":350,\"height\":132,\"caption\":\"Silva Voelkner s.p.\"},\"image\":{\"@id\":\"https:\/\/www.lan-bambus.si\/#\/schema\/logo\/image\/\"},\"sameAs\":[\"https:\/\/www.facebook.com\/\",\"https:\/\/www.instagram.com\/\"]}]}<\/script>\n<!-- \/ Yoast SEO plugin. -->","yoast_head_json":{"title":"MO\u0160KA PI\u017dAMA, kolekcija eco BAMBOO - Lan-Bambus","robots":{"index":"index","follow":"follow","max-snippet":"max-snippet:-1","max-image-preview":"max-image-preview:large","max-video-preview":"max-video-preview:-1"},"canonical":"https:\/\/www.lan-bambus.si\/index.php\/product\/moska-pizama-kolekcija-eco-bamboo\/","og_locale":"sl_SI","og_type":"article","og_title":"MO\u0160KA PI\u017dAMA, kolekcija eco BAMBOO - Lan-Bambus","og_description":"Sestava: -67 % bambusova viskoza, 28 % bomba\u017e, 5 % elastan. Vzdr\u017eevanje: -ta izdelek je priporo\u010dljivo prati pri 40\u00b0C. Izdelka ni priporo\u010dljivo likati. Izdelek ne sme biti beljen, kemi\u010dno o\u010di\u0161\u010den ali su\u0161en v su\u0161ilnem stroju. Mo\u0161ka dolga, ohlapna pi\u017eama iz fine pletenine z bambusovo viskozo vam bo nudila edinstveno udobje med spanjem. Majica je enobarvna, [&hellip;]","og_url":"https:\/\/www.lan-bambus.si\/index.php\/product\/moska-pizama-kolekcija-eco-bamboo\/","og_site_name":"Lan-Bambus","article_publisher":"https:\/\/www.facebook.com\/","article_modified_time":"2026-02-28T23:03:22+00:00","og_image":[{"width":280,"height":358,"url":"https:\/\/www.lan-bambus.si\/wp-content\/uploads\/2026\/01\/79207_DxGMxC.jpg","type":"image\/jpeg"}],"twitter_card":"summary_large_image","twitter_misc":{"Est. reading time":"3 minute"},"schema":{"@context":"https:\/\/schema.org","@graph":[{"@type":"WebPage","@id":"https:\/\/www.lan-bambus.si\/index.php\/product\/moska-pizama-kolekcija-eco-bamboo\/","url":"https:\/\/www.lan-bambus.si\/index.php\/product\/moska-pizama-kolekcija-eco-bamboo\/","name":"MO\u0160KA PI\u017dAMA, kolekcija eco BAMBOO - Lan-Bambus","isPartOf":{"@id":"https:\/\/www.lan-bambus.si\/#website"},"primaryImageOfPage":{"@id":"https:\/\/www.lan-bambus.si\/index.php\/product\/moska-pizama-kolekcija-eco-bamboo\/#primaryimage"},"image":{"@id":"https:\/\/www.lan-bambus.si\/index.php\/product\/moska-pizama-kolekcija-eco-bamboo\/#primaryimage"},"thumbnailUrl":"https:\/\/www.lan-bambus.si\/wp-content\/uploads\/2026\/01\/79207_DxGMxC.jpg","datePublished":"2026-02-25T18:30:40+00:00","dateModified":"2026-02-28T23:03:22+00:00","breadcrumb":{"@id":"https:\/\/www.lan-bambus.si\/index.php\/product\/moska-pizama-kolekcija-eco-bamboo\/#breadcrumb"},"inLanguage":"sl-SI","potentialAction":[{"@type":"ReadAction","target":["https:\/\/www.lan-bambus.si\/index.php\/product\/moska-pizama-kolekcija-eco-bamboo\/"]}]},{"@type":"ImageObject","inLanguage":"sl-SI","@id":"https:\/\/www.lan-bambus.si\/index.php\/product\/moska-pizama-kolekcija-eco-bamboo\/#primaryimage","url":"https:\/\/www.lan-bambus.si\/wp-content\/uploads\/2026\/01\/79207_DxGMxC.jpg","contentUrl":"https:\/\/www.lan-bambus.si\/wp-content\/uploads\/2026\/01\/79207_DxGMxC.jpg","width":280,"height":358},{"@type":"BreadcrumbList","@id":"https:\/\/www.lan-bambus.si\/index.php\/product\/moska-pizama-kolekcija-eco-bamboo\/#breadcrumb","itemListElement":[{"@type":"ListItem","position":1,"name":"Home","item":"https:\/\/www.lan-bambus.si\/"},{"@type":"ListItem","position":2,"name":"Shop","item":"https:\/\/www.lan-bambus.si\/index.php\/shop\/"},{"@type":"ListItem","position":3,"name":"MO\u0160KA PI\u017dAMA, kolekcija eco BAMBOO"}]},{"@type":"WebSite","@id":"https:\/\/www.lan-bambus.si\/#website","url":"https:\/\/www.lan-bambus.si\/","name":"lan-bambus.si","description":"Lan-Bambus","publisher":{"@id":"https:\/\/www.lan-bambus.si\/#organization"},"potentialAction":[{"@type":"SearchAction","target":{"@type":"EntryPoint","urlTemplate":"https:\/\/www.lan-bambus.si\/?s={search_term_string}"},"query-input":{"@type":"PropertyValueSpecification","valueRequired":true,"valueName":"search_term_string"}}],"inLanguage":"sl-SI"},{"@type":"Organization","@id":"https:\/\/www.lan-bambus.si\/#organization","name":"Silva Voelkner s.p.","url":"https:\/\/www.lan-bambus.si\/","logo":{"@type":"ImageObject","inLanguage":"sl-SI","@id":"https:\/\/www.lan-bambus.si\/#\/schema\/logo\/image\/","url":"https:\/\/www.lan-bambus.si\/wp-content\/uploads\/2023\/02\/LOGO-LAN-BAMBUS.SI-350.fw_.png","contentUrl":"https:\/\/www.lan-bambus.si\/wp-content\/uploads\/2023\/02\/LOGO-LAN-BAMBUS.SI-350.fw_.png","width":350,"height":132,"caption":"Silva Voelkner s.p."},"image":{"@id":"https:\/\/www.lan-bambus.si\/#\/schema\/logo\/image\/"},"sameAs":["https:\/\/www.facebook.com\/","https:\/\/www.instagram.com\/"]}]}},"_links":{"self":[{"href":"https:\/\/www.lan-bambus.si\/index.php\/wp-json\/wp\/v2\/product\/9644","targetHints":{"allow":["GET"]}}],"collection":[{"href":"https:\/\/www.lan-bambus.si\/index.php\/wp-json\/wp\/v2\/product"}],"about":[{"href":"https:\/\/www.lan-bambus.si\/index.php\/wp-json\/wp\/v2\/types\/product"}],"wp:featuredmedia":[{"embeddable":true,"href":"https:\/\/www.lan-bambus.si\/index.php\/wp-json\/wp\/v2\/media\/9555"}],"wp:attachment":[{"href":"https:\/\/www.lan-bambus.si\/index.php\/wp-json\/wp\/v2\/media?parent=9644"}],"wp:term":[{"taxonomy":"product_brand","embeddable":true,"href":"https:\/\/www.lan-bambus.si\/index.php\/wp-json\/wp\/v2\/product_brand?post=9644"},{"taxonomy":"product_cat","embeddable":true,"href":"https:\/\/www.lan-bambus.si\/index.php\/wp-json\/wp\/v2\/product_cat?post=9644"},{"taxonomy":"product_tag","embeddable":true,"href":"https:\/\/www.lan-bambus.si\/index.php\/wp-json\/wp\/v2\/product_tag?post=9644"}],"curies":[{"name":"wp","href":"https:\/\/api.w.org\/{rel}","templated":true}]}}